{"id":15883,"date":"2025-10-25T15:46:02","date_gmt":"2025-10-25T15:46:02","guid":{"rendered":"https:\/\/streamperfect.de\/?post_type=product&#038;p=15883"},"modified":"2025-10-25T15:46:02","modified_gmt":"2025-10-25T15:46:02","slug":"vertikale-werbedisplay-43495565","status":"publish","type":"product","link":"https:\/\/streamperfect.de\/?product=vertikale-werbedisplay-43495565","title":{"rendered":"Vertikale Werbedisplay 43\u201d,49\u201d,55\u201d,65\u201d"},"content":{"rendered":"<p>Vertikales Innen-Werbedisplay mit leistungsstarkem<br \/>\nAndroid 4 + 32 GB System fu\u0308r<br \/>\nreibungslose Abl\u00e4ufe. Erh\u00e4ltlich in strahlendem<br \/>\nWei\u00df oder Schwarz und mit beeindruckender<br \/>\n4K-Aufl\u00f6sung pr\u00e4sentiert es Ihre Inhalte in<br \/>\nh\u00f6chster Qualit\u00e4t.<\/p>\n","protected":false},"excerpt":{"rendered":"<p>Vertikales Innen-Werbedisplay mit leistungsstarkem Android 4 + 32 GB System fu\u0308r reibungslose Abl\u00e4ufe. Erh\u00e4ltlich in strahlendem Wei\u00df oder Schwarz und<\/p>\n","protected":false},"featured_media":15887,"comment_status":"open","ping_status":"closed","template":"","meta":[],"product_brand":[],"product_cat":[74],"product_tag":[],"class_list":{"0":"post-15883","1":"product","2":"type-product","3":"status-publish","4":"has-post-thumbnail","6":"product_cat-digitale-werbebildschirm","8":"first","9":"instock","10":"taxable","11":"shipping-taxable","12":"purchasable","13":"product-type-variable"},"_links":{"self":[{"href":"https:\/\/streamperfect.de\/index.php?rest_route=\/wp\/v2\/product\/15883","targetHints":{"allow":["GET"]}}],"collection":[{"href":"https:\/\/streamperfect.de\/index.php?rest_route=\/wp\/v2\/product"}],"about":[{"href":"https:\/\/streamperfect.de\/index.php?rest_route=\/wp\/v2\/types\/product"}],"replies":[{"embeddable":true,"href":"https:\/\/streamperfect.de\/index.php?rest_route=%2Fwp%2Fv2%2Fcomments&post=15883"}],"version-history":[{"count":0,"href":"https:\/\/streamperfect.de\/index.php?rest_route=\/wp\/v2\/product\/15883\/revisions"}],"wp:featuredmedia":[{"embeddable":true,"href":"https:\/\/streamperfect.de\/index.php?rest_route=\/wp\/v2\/media\/15887"}],"wp:attachment":[{"href":"https:\/\/streamperfect.de\/index.php?rest_route=%2Fwp%2Fv2%2Fmedia&parent=15883"}],"wp:term":[{"taxonomy":"product_brand","embeddable":true,"href":"https:\/\/streamperfect.de\/index.php?rest_route=%2Fwp%2Fv2%2Fproduct_brand&post=15883"},{"taxonomy":"product_cat","embeddable":true,"href":"https:\/\/streamperfect.de\/index.php?rest_route=%2Fwp%2Fv2%2Fproduct_cat&post=15883"},{"taxonomy":"product_tag","embeddable":true,"href":"https:\/\/streamperfect.de\/index.php?rest_route=%2Fwp%2Fv2%2Fproduct_tag&post=15883"}],"curies":[{"name":"wp","href":"https:\/\/api.w.org\/{rel}","templated":true}]}}