{"id":45,"date":"2021-08-26T12:21:44","date_gmt":"2021-08-26T12:21:44","guid":{"rendered":"http:\/\/dummy.xtemos.com\/woodmart2\/elementor\/?page_id=45"},"modified":"2026-03-27T22:06:07","modified_gmt":"2026-03-27T22:06:07","slug":"compare","status":"publish","type":"page","link":"https:\/\/streamperfect.de\/?page_id=45","title":{"rendered":"Projekte"},"content":{"rendered":"\t\t<div data-elementor-type=\"wp-page\" data-elementor-id=\"45\" class=\"elementor elementor-45\">\n\t\t\t\t<div class=\"wd-negative-gap elementor-element elementor-element-3473d01 e-flex e-con-boxed e-con e-parent\" data-id=\"3473d01\" data-element_type=\"container\" data-e-type=\"container\">\n\t\t\t\t\t<div class=\"e-con-inner\">\n\t\t\t\t<div class=\"elementor-element elementor-element-4721a1f wd-width-100 elementor-widget elementor-widget-wd_banner_carousel\" data-id=\"4721a1f\" data-element_type=\"widget\" data-e-type=\"widget\" data-widget_type=\"wd_banner_carousel.default\">\n\t\t\t\t<div class=\"elementor-widget-container\">\n\t\t\t\t\t\t\t<div class=\"wd-carousel-container banners-carousel-wrapper\">\n\t\t\t<div class=\"wd-carousel-inner\">\n\t\t\t\t<div class=\"wd-carousel wd-grid banners-carousel\" data-scroll_per_page=\"yes\" style=\"--wd-col-lg:3;--wd-col-md:3;--wd-col-sm:1;--wd-gap-lg:30px;--wd-gap-sm:10px;\">\n\t\t\t\t\t<div class=\"wd-carousel-wrap\">\n\t\t\t\t\t\t\t\t\t\t\t\t\t\t\t\t\t\t\t\t\t\t<div class=\"promo-banner-wrapper wd-carousel-item elementor-repeater-item-4b31d95\">\n\t\t\t<div class=\"promo-banner banner-mask banner-hover-border color-scheme-light banner-btn-size-default banner-btn-style-default with-btn banner-btn-position-hover wd-with-link\">\n\t\t\t\t<div class=\"main-wrapp-img\">\n\t\t\t\t\t<div class=\"banner-image wd-without-height\">\n\t\t\t\t\t\t\t\t\t\t\t\t\t\t\t\t\t\t\t\t\t<img fetchpriority=\"high\" decoding=\"async\" width=\"768\" height=\"1365\" src=\"https:\/\/streamperfect.de\/wp-content\/uploads\/2026\/03\/Outdoor_Digital-Signage-768x1365.jpg\" class=\"attachment-medium_large size-medium_large\" alt=\"\" srcset=\"https:\/\/streamperfect.de\/wp-content\/uploads\/2026\/03\/Outdoor_Digital-Signage-768x1365.jpg 768w, https:\/\/streamperfect.de\/wp-content\/uploads\/2026\/03\/Outdoor_Digital-Signage-169x300.jpg 169w, https:\/\/streamperfect.de\/wp-content\/uploads\/2026\/03\/Outdoor_Digital-Signage-450x800.jpg 450w, https:\/\/streamperfect.de\/wp-content\/uploads\/2026\/03\/Outdoor_Digital-Signage-864x1536.jpg 864w, https:\/\/streamperfect.de\/wp-content\/uploads\/2026\/03\/Outdoor_Digital-Signage-1152x2048.jpg 1152w, https:\/\/streamperfect.de\/wp-content\/uploads\/2026\/03\/Outdoor_Digital-Signage-430x764.jpg 430w, https:\/\/streamperfect.de\/wp-content\/uploads\/2026\/03\/Outdoor_Digital-Signage-700x1244.jpg 700w, https:\/\/streamperfect.de\/wp-content\/uploads\/2026\/03\/Outdoor_Digital-Signage-150x267.jpg 150w, https:\/\/streamperfect.de\/wp-content\/uploads\/2026\/03\/Outdoor_Digital-Signage-scaled.jpg 1440w\" sizes=\"(max-width: 768px) 100vw, 768px\" \/>\t\t\t\t\t\t\t\t\t\t\t\t\t\t\t\t\t\t<\/div>\n\t\t\t\t<\/div>\n\n\t\t\t\t<div class=\"wrapper-content-banner wd-fill wd-items-top wd-justify-left\">\n\t\t\t\t\t<div class=\"content-banner  text-left\">\n\t\t\t\t\t\t\n\t\t\t\t\t\t\t\t\t\t\t\t\t<h4 class=\"banner-title wd-fontsize-l\" data-elementor-setting-key=\"title\">\n\t\t\t\t\t\t\t\tSnack City Hafencity\t\t\t\t\t\t\t<\/h4>\n\t\t\t\t\t\t\n\t\t\t\t\t\t\t\t\t\t\t\t\t<div class=\"banner-inner reset-last-child wd-fontsize-xs\" data-elementor-setting-key=\"content\">\n\t\t\t\t\t\t\t\t<p>Mit zwei mobilen Outdoor-Displays pr\u00e4sentiert Snack City seine Angebote direkt im Blickfeld der Laufkundschaft \u2013 flexibel, wetterfest und aufmerksamkeitsstark.<\/p>\n\t\t\t\t\t\t\t<\/div>\n\t\t\t\t\t\t\n\t\t\t\t\t\t\n\t\t\t\t\t\t\t\t\t\t\t\t\t<div class=\"banner-btn-wrapper\">\n\t\t\t\t\t\t\t\t\t\t<div class=\"wd-button-wrapper text-left\" >\n\t\t\t<a class=\"btn btn-style-default btn-shape-rectangle btn-size-default btn-icon-pos-right\"  href=\"https:\/\/streamperfect.de\/?page_id=16387\">\n\t\t\t\t<span class=\"wd-btn-text\" data-elementor-setting-key=\"text\">\n\t\t\t\t\tWeiterlesen\t\t\t\t<\/span>\n\n\t\t\t\t\t\t\t<\/a>\n\t\t<\/div>\n\t\t\t\t\t\t\t\t\t<\/div>\n\t\t\t\t\t\t\t\t\t\t\t<\/div>\n\t\t\t\t<\/div>\n\n\t\t\t\t\t\t\t\t\t<a href=\"https:\/\/streamperfect.de\/?page_id=16387\" class=\"wd-promo-banner-link wd-fill\" aria-label=\"Banner link\"><\/a>\n\t\t\t\t\t\t\t<\/div>\n\t\t<\/div>\n\t\t\t\t\t\t\t\t\t\t\t\t\t\t\t\t\t\t\t\t\t\t\t\t<div class=\"promo-banner-wrapper wd-carousel-item elementor-repeater-item-e9fa02f\">\n\t\t\t<div class=\"promo-banner banner-mask banner-hover-border color-scheme-light banner-btn-size-default banner-btn-style-default with-btn banner-btn-position-hover wd-with-link\">\n\t\t\t\t<div class=\"main-wrapp-img\">\n\t\t\t\t\t<div class=\"banner-image wd-without-height\">\n\t\t\t\t\t\t\t\t\t\t\t\t\t\t\t\t\t\t\t\t\t<img decoding=\"async\" width=\"768\" height=\"1390\" src=\"https:\/\/streamperfect.de\/wp-content\/uploads\/2026\/03\/Adese_Display.jpeg\" class=\"attachment-medium_large size-medium_large\" alt=\"\" srcset=\"https:\/\/streamperfect.de\/wp-content\/uploads\/2026\/03\/Adese_Display.jpeg 768w, https:\/\/streamperfect.de\/wp-content\/uploads\/2026\/03\/Adese_Display-166x300.jpeg 166w, https:\/\/streamperfect.de\/wp-content\/uploads\/2026\/03\/Adese_Display-442x800.jpeg 442w, https:\/\/streamperfect.de\/wp-content\/uploads\/2026\/03\/Adese_Display-430x778.jpeg 430w, https:\/\/streamperfect.de\/wp-content\/uploads\/2026\/03\/Adese_Display-700x1267.jpeg 700w, https:\/\/streamperfect.de\/wp-content\/uploads\/2026\/03\/Adese_Display-150x271.jpeg 150w\" sizes=\"(max-width: 768px) 100vw, 768px\" \/>\t\t\t\t\t\t\t\t\t\t\t\t\t\t\t\t\t\t<\/div>\n\t\t\t\t<\/div>\n\n\t\t\t\t<div class=\"wrapper-content-banner wd-fill wd-items-top wd-justify-left\">\n\t\t\t\t\t<div class=\"content-banner  text-left\">\n\t\t\t\t\t\t\n\t\t\t\t\t\t\t\t\t\t\t\t\t<h4 class=\"banner-title wd-fontsize-l\" data-elementor-setting-key=\"title\">\n\t\t\t\t\t\t\t\tAdese Markt Harburg\t\t\t\t\t\t\t<\/h4>\n\t\t\t\t\t\t\n\t\t\t\t\t\t\t\t\t\t\t\t\t<div class=\"banner-inner reset-last-child wd-fontsize-xs\" data-elementor-setting-key=\"content\">\n\t\t\t\t\t\t\t\t<p>Im Adese Supermarkt sorgen 5 strategisch platzierte Displays daf\u00fcr, dass Angebote genau dort gesehen werden, wo Kaufentscheidungen entstehen.<\/p>\n\t\t\t\t\t\t\t<\/div>\n\t\t\t\t\t\t\n\t\t\t\t\t\t\n\t\t\t\t\t\t\t\t\t\t\t\t\t<div class=\"banner-btn-wrapper\">\n\t\t\t\t\t\t\t\t\t\t<div class=\"wd-button-wrapper text-left\" >\n\t\t\t<a class=\"btn btn-style-default btn-shape-rectangle btn-size-default btn-icon-pos-right\"  href=\"https:\/\/streamperfect.de\/?page_id=16351\">\n\t\t\t\t<span class=\"wd-btn-text\" data-elementor-setting-key=\"text\">\n\t\t\t\t\tWeiterlesen\t\t\t\t<\/span>\n\n\t\t\t\t\t\t\t<\/a>\n\t\t<\/div>\n\t\t\t\t\t\t\t\t\t<\/div>\n\t\t\t\t\t\t\t\t\t\t\t<\/div>\n\t\t\t\t<\/div>\n\n\t\t\t\t\t\t\t\t\t<a href=\"https:\/\/streamperfect.de\/?page_id=16351\" class=\"wd-promo-banner-link wd-fill\" aria-label=\"Banner link\"><\/a>\n\t\t\t\t\t\t\t<\/div>\n\t\t<\/div>\n\t\t\t\t\t\t\t\t\t\t\t\t\t\t\t\t\t\t\t\t\t\t\t\t<div class=\"promo-banner-wrapper wd-carousel-item elementor-repeater-item-f641668\">\n\t\t\t<div class=\"promo-banner banner-mask banner-hover-border color-scheme-light banner-btn-size-default banner-btn-style-default with-btn banner-btn-position-hover wd-with-link\">\n\t\t\t\t<div class=\"main-wrapp-img\">\n\t\t\t\t\t<div class=\"banner-image wd-without-height\">\n\t\t\t\t\t\t\t\t\t\t\t\t\t\t\t\t\t\t\t\t\t<img decoding=\"async\" width=\"768\" height=\"1476\" src=\"https:\/\/streamperfect.de\/wp-content\/uploads\/2026\/03\/Bildschirmfoto-2026-03-20-um-22.07.59-768x1476.png\" class=\"attachment-medium_large size-medium_large\" alt=\"\" srcset=\"https:\/\/streamperfect.de\/wp-content\/uploads\/2026\/03\/Bildschirmfoto-2026-03-20-um-22.07.59-768x1476.png 768w, https:\/\/streamperfect.de\/wp-content\/uploads\/2026\/03\/Bildschirmfoto-2026-03-20-um-22.07.59-156x300.png 156w, https:\/\/streamperfect.de\/wp-content\/uploads\/2026\/03\/Bildschirmfoto-2026-03-20-um-22.07.59-416x800.png 416w, https:\/\/streamperfect.de\/wp-content\/uploads\/2026\/03\/Bildschirmfoto-2026-03-20-um-22.07.59-430x827.png 430w, https:\/\/streamperfect.de\/wp-content\/uploads\/2026\/03\/Bildschirmfoto-2026-03-20-um-22.07.59-700x1346.png 700w, https:\/\/streamperfect.de\/wp-content\/uploads\/2026\/03\/Bildschirmfoto-2026-03-20-um-22.07.59-150x288.png 150w, https:\/\/streamperfect.de\/wp-content\/uploads\/2026\/03\/Bildschirmfoto-2026-03-20-um-22.07.59.png 774w\" sizes=\"(max-width: 768px) 100vw, 768px\" \/>\t\t\t\t\t\t\t\t\t\t\t\t\t\t\t\t\t\t<\/div>\n\t\t\t\t<\/div>\n\n\t\t\t\t<div class=\"wrapper-content-banner wd-fill wd-items-top wd-justify-center\">\n\t\t\t\t\t<div class=\"content-banner  text-left\">\n\t\t\t\t\t\t\n\t\t\t\t\t\t\t\t\t\t\t\t\t<h4 class=\"banner-title wd-fontsize-l\" data-elementor-setting-key=\"title\">\n\t\t\t\t\t\t\t\tEzzokiosk Wandsbek\t\t\t\t\t\t\t<\/h4>\n\t\t\t\t\t\t\n\t\t\t\t\t\t\t\t\t\t\t\t\t<div class=\"banner-inner reset-last-child wd-fontsize-xs\" data-elementor-setting-key=\"content\">\n\t\t\t\t\t\t\t\t<p>Ein hochhelles 55\" Display im Schaufenster sorgt beim Ezzokiosk f\u00fcr maximale Sichtbarkeit \u2013 selbst bei direkter Sonneneinstrahlung.<\/p>\n\t\t\t\t\t\t\t<\/div>\n\t\t\t\t\t\t\n\t\t\t\t\t\t\n\t\t\t\t\t\t\t\t\t\t\t\t\t<div class=\"banner-btn-wrapper\">\n\t\t\t\t\t\t\t\t\t\t<div class=\"wd-button-wrapper text-left\" >\n\t\t\t<a class=\"btn btn-style-default btn-shape-rectangle btn-size-default btn-icon-pos-right\"  href=\"https:\/\/streamperfect.de\/?page_id=16354\">\n\t\t\t\t<span class=\"wd-btn-text\" data-elementor-setting-key=\"text\">\n\t\t\t\t\tWeiterlesen\t\t\t\t<\/span>\n\n\t\t\t\t\t\t\t<\/a>\n\t\t<\/div>\n\t\t\t\t\t\t\t\t\t<\/div>\n\t\t\t\t\t\t\t\t\t\t\t<\/div>\n\t\t\t\t<\/div>\n\n\t\t\t\t\t\t\t\t\t<a href=\"https:\/\/streamperfect.de\/?page_id=16354\" class=\"wd-promo-banner-link wd-fill\" aria-label=\"Banner link\"><\/a>\n\t\t\t\t\t\t\t<\/div>\n\t\t<\/div>\n\t\t\t\t\t\t\t\t\t\t\t\t\t<\/div>\n\t\t\t\t<\/div>\n\n\t\t\t\t\t\t\t\t\t\t\t<div class=\"wd-nav-arrows wd-pos-sep wd-hover-1 wd-icon-1\">\n\t\t\t<div class=\"wd-btn-arrow wd-prev wd-disabled\">\n\t\t\t\t<div class=\"wd-arrow-inner\"><\/div>\n\t\t\t<\/div>\n\t\t\t<div class=\"wd-btn-arrow wd-next\">\n\t\t\t\t<div class=\"wd-arrow-inner\"><\/div>\n\t\t\t<\/div>\n\t\t<\/div>\n\t\t\t\t\t\t\t\t\t<\/div>\n\n\t\t\t\t\t<div class=\"wd-nav-pagin-wrap text-center wd-style-shape wd-hide-md-sm wd-hide-sm\">\n\t\t\t<ul class=\"wd-nav-pagin\"><\/ul>\n\t\t<\/div>\n\t\t\t\t\t\t\t<\/div>\n\t\t\t\t\t\t<\/div>\n\t\t\t\t<\/div>\n\t\t\t\t\t<\/div>\n\t\t\t\t<\/div>\n\t\t<div class=\"wd-negative-gap elementor-element elementor-element-0348807 e-flex e-con-boxed e-con e-parent\" data-id=\"0348807\" data-element_type=\"container\" data-e-type=\"container\">\n\t\t\t\t\t<div class=\"e-con-inner\">\n\t\t\t\t<div class=\"elementor-element elementor-element-5724ab1 wd-width-100 elementor-widget elementor-widget-wd_banner_carousel\" data-id=\"5724ab1\" data-element_type=\"widget\" data-e-type=\"widget\" data-widget_type=\"wd_banner_carousel.default\">\n\t\t\t\t<div class=\"elementor-widget-container\">\n\t\t\t\t\t\t\t<div class=\"wd-carousel-container banners-carousel-wrapper\">\n\t\t\t<div class=\"wd-carousel-inner\">\n\t\t\t\t<div class=\"wd-carousel wd-grid banners-carousel\" data-scroll_per_page=\"yes\" style=\"--wd-col-lg:3;--wd-col-md:3;--wd-col-sm:1;--wd-gap-lg:30px;--wd-gap-sm:10px;\">\n\t\t\t\t\t<div class=\"wd-carousel-wrap\">\n\t\t\t\t\t\t\t\t\t\t\t\t\t\t\t\t\t\t\t\t\t\t<div class=\"promo-banner-wrapper wd-carousel-item elementor-repeater-item-4b31d95\">\n\t\t\t<div class=\"promo-banner banner-mask banner-hover-border color-scheme-light banner-btn-size-default banner-btn-style-default with-btn banner-btn-position-hover wd-with-link\">\n\t\t\t\t<div class=\"main-wrapp-img\">\n\t\t\t\t\t<div class=\"banner-image wd-without-height\">\n\t\t\t\t\t\t\t\t\t\t\t\t\t\t\t\t\t\t\t\t\t<img loading=\"lazy\" decoding=\"async\" width=\"768\" height=\"1377\" src=\"https:\/\/streamperfect.de\/wp-content\/uploads\/2026\/03\/Bildschirmfoto-2026-03-20-um-22.09.20-768x1377.png\" class=\"attachment-medium_large size-medium_large\" alt=\"\" srcset=\"https:\/\/streamperfect.de\/wp-content\/uploads\/2026\/03\/Bildschirmfoto-2026-03-20-um-22.09.20-768x1377.png 768w, https:\/\/streamperfect.de\/wp-content\/uploads\/2026\/03\/Bildschirmfoto-2026-03-20-um-22.09.20-167x300.png 167w, https:\/\/streamperfect.de\/wp-content\/uploads\/2026\/03\/Bildschirmfoto-2026-03-20-um-22.09.20-446x800.png 446w, https:\/\/streamperfect.de\/wp-content\/uploads\/2026\/03\/Bildschirmfoto-2026-03-20-um-22.09.20-857x1536.png 857w, https:\/\/streamperfect.de\/wp-content\/uploads\/2026\/03\/Bildschirmfoto-2026-03-20-um-22.09.20-430x771.png 430w, https:\/\/streamperfect.de\/wp-content\/uploads\/2026\/03\/Bildschirmfoto-2026-03-20-um-22.09.20-700x1255.png 700w, https:\/\/streamperfect.de\/wp-content\/uploads\/2026\/03\/Bildschirmfoto-2026-03-20-um-22.09.20-150x269.png 150w, https:\/\/streamperfect.de\/wp-content\/uploads\/2026\/03\/Bildschirmfoto-2026-03-20-um-22.09.20.png 906w\" sizes=\"(max-width: 768px) 100vw, 768px\" \/>\t\t\t\t\t\t\t\t\t\t\t\t\t\t\t\t\t\t<\/div>\n\t\t\t\t<\/div>\n\n\t\t\t\t<div class=\"wrapper-content-banner wd-fill wd-items-top wd-justify-left\">\n\t\t\t\t\t<div class=\"content-banner  text-left\">\n\t\t\t\t\t\t\n\t\t\t\t\t\t\t\t\t\t\t\t\t<h4 class=\"banner-title wd-fontsize-l\" data-elementor-setting-key=\"title\">\n\t\t\t\t\t\t\t\tMoon Event Wandsbek\t\t\t\t\t\t\t<\/h4>\n\t\t\t\t\t\t\n\t\t\t\t\t\t\t\t\t\t\t\t\t<div class=\"banner-inner reset-last-child wd-fontsize-xs\" data-elementor-setting-key=\"content\">\n\t\t\t\t\t\t\t\t<p>Ein elegantes, vertikales 55\" Display im Eingangsbereich von Moon Event sorgt f\u00fcr einen modernen ersten Eindruck und flexible Nutzungsm\u00f6glichkeiten.<\/p>\n\t\t\t\t\t\t\t<\/div>\n\t\t\t\t\t\t\n\t\t\t\t\t\t\n\t\t\t\t\t\t\t\t\t\t\t\t\t<div class=\"banner-btn-wrapper\">\n\t\t\t\t\t\t\t\t\t\t<div class=\"wd-button-wrapper text-left\" >\n\t\t\t<a class=\"btn btn-style-default btn-shape-rectangle btn-size-default btn-icon-pos-right\"  href=\"https:\/\/streamperfect.de\/?page_id=16356\">\n\t\t\t\t<span class=\"wd-btn-text\" data-elementor-setting-key=\"text\">\n\t\t\t\t\tWeiterlesen\t\t\t\t<\/span>\n\n\t\t\t\t\t\t\t<\/a>\n\t\t<\/div>\n\t\t\t\t\t\t\t\t\t<\/div>\n\t\t\t\t\t\t\t\t\t\t\t<\/div>\n\t\t\t\t<\/div>\n\n\t\t\t\t\t\t\t\t\t<a href=\"https:\/\/streamperfect.de\/?page_id=16356\" class=\"wd-promo-banner-link wd-fill\" aria-label=\"Banner link\"><\/a>\n\t\t\t\t\t\t\t<\/div>\n\t\t<\/div>\n\t\t\t\t\t\t\t\t\t\t\t\t\t\t\t\t\t\t\t\t\t\t\t\t<div class=\"promo-banner-wrapper wd-carousel-item elementor-repeater-item-e9fa02f\">\n\t\t\t<div class=\"promo-banner banner-mask banner-hover-border color-scheme-light banner-btn-size-default banner-btn-style-default with-btn banner-btn-position-hover wd-with-link\">\n\t\t\t\t<div class=\"main-wrapp-img\">\n\t\t\t\t\t<div class=\"banner-image wd-without-height\">\n\t\t\t\t\t\t\t\t\t\t\t\t\t\t\t\t\t\t\t\t\t<img loading=\"lazy\" decoding=\"async\" width=\"768\" height=\"1368\" src=\"https:\/\/streamperfect.de\/wp-content\/uploads\/2026\/03\/Bildschirmfoto-2026-03-20-um-22.07.30-768x1368.png\" class=\"attachment-medium_large size-medium_large\" alt=\"\" srcset=\"https:\/\/streamperfect.de\/wp-content\/uploads\/2026\/03\/Bildschirmfoto-2026-03-20-um-22.07.30-768x1368.png 768w, https:\/\/streamperfect.de\/wp-content\/uploads\/2026\/03\/Bildschirmfoto-2026-03-20-um-22.07.30-168x300.png 168w, https:\/\/streamperfect.de\/wp-content\/uploads\/2026\/03\/Bildschirmfoto-2026-03-20-um-22.07.30-449x800.png 449w, https:\/\/streamperfect.de\/wp-content\/uploads\/2026\/03\/Bildschirmfoto-2026-03-20-um-22.07.30-862x1536.png 862w, https:\/\/streamperfect.de\/wp-content\/uploads\/2026\/03\/Bildschirmfoto-2026-03-20-um-22.07.30-430x766.png 430w, https:\/\/streamperfect.de\/wp-content\/uploads\/2026\/03\/Bildschirmfoto-2026-03-20-um-22.07.30-700x1247.png 700w, https:\/\/streamperfect.de\/wp-content\/uploads\/2026\/03\/Bildschirmfoto-2026-03-20-um-22.07.30-150x267.png 150w, https:\/\/streamperfect.de\/wp-content\/uploads\/2026\/03\/Bildschirmfoto-2026-03-20-um-22.07.30.png 916w\" sizes=\"(max-width: 768px) 100vw, 768px\" \/>\t\t\t\t\t\t\t\t\t\t\t\t\t\t\t\t\t\t<\/div>\n\t\t\t\t<\/div>\n\n\t\t\t\t<div class=\"wrapper-content-banner wd-fill wd-items-top wd-justify-left\">\n\t\t\t\t\t<div class=\"content-banner  text-left\">\n\t\t\t\t\t\t\n\t\t\t\t\t\t\t\t\t\t\t\t\t<h4 class=\"banner-title wd-fontsize-l\" data-elementor-setting-key=\"title\">\n\t\t\t\t\t\t\t\tCalin Bar Wandsbek\t\t\t\t\t\t\t<\/h4>\n\t\t\t\t\t\t\n\t\t\t\t\t\t\t\t\t\t\t\t\t<div class=\"banner-inner reset-last-child wd-fontsize-xs\" data-elementor-setting-key=\"content\">\n\t\t\t\t\t\t\t\t<p>Drei gro\u00dfformatige Displays sorgen im Calin f\u00fcr eine moderne Atmosph\u00e4re und verbinden Angebote mit unterhaltsamen Inhalten.<\/p>\n\t\t\t\t\t\t\t<\/div>\n\t\t\t\t\t\t\n\t\t\t\t\t\t\n\t\t\t\t\t\t\t\t\t\t\t\t\t<div class=\"banner-btn-wrapper\">\n\t\t\t\t\t\t\t\t\t\t<div class=\"wd-button-wrapper text-left\" >\n\t\t\t<a class=\"btn btn-style-default btn-shape-rectangle btn-size-default btn-icon-pos-right\"  href=\"https:\/\/streamperfect.de\/?page_id=16359\">\n\t\t\t\t<span class=\"wd-btn-text\" data-elementor-setting-key=\"text\">\n\t\t\t\t\tWeiterlesen\t\t\t\t<\/span>\n\n\t\t\t\t\t\t\t<\/a>\n\t\t<\/div>\n\t\t\t\t\t\t\t\t\t<\/div>\n\t\t\t\t\t\t\t\t\t\t\t<\/div>\n\t\t\t\t<\/div>\n\n\t\t\t\t\t\t\t\t\t<a href=\"https:\/\/streamperfect.de\/?page_id=16359\" class=\"wd-promo-banner-link wd-fill\" aria-label=\"Banner link\"><\/a>\n\t\t\t\t\t\t\t<\/div>\n\t\t<\/div>\n\t\t\t\t\t\t\t\t\t\t\t\t\t\t\t\t\t\t\t\t\t\t\t\t<div class=\"promo-banner-wrapper wd-carousel-item elementor-repeater-item-f641668\">\n\t\t\t<div class=\"promo-banner banner-mask banner-hover-border color-scheme-light banner-btn-size-default banner-btn-style-default with-btn banner-btn-position-hover wd-with-link\">\n\t\t\t\t<div class=\"main-wrapp-img\">\n\t\t\t\t\t<div class=\"banner-image wd-without-height\">\n\t\t\t\t\t\t\t\t\t\t\t\t\t\t\t\t\t\t\t\t\t<img loading=\"lazy\" decoding=\"async\" width=\"768\" height=\"1346\" src=\"https:\/\/streamperfect.de\/wp-content\/uploads\/2026\/03\/IMG_6693-768x1346.jpg\" class=\"attachment-medium_large size-medium_large\" alt=\"\" srcset=\"https:\/\/streamperfect.de\/wp-content\/uploads\/2026\/03\/IMG_6693-768x1346.jpg 768w, https:\/\/streamperfect.de\/wp-content\/uploads\/2026\/03\/IMG_6693-171x300.jpg 171w, https:\/\/streamperfect.de\/wp-content\/uploads\/2026\/03\/IMG_6693-456x800.jpg 456w, https:\/\/streamperfect.de\/wp-content\/uploads\/2026\/03\/IMG_6693-876x1536.jpg 876w, https:\/\/streamperfect.de\/wp-content\/uploads\/2026\/03\/IMG_6693-1168x2048.jpg 1168w, https:\/\/streamperfect.de\/wp-content\/uploads\/2026\/03\/IMG_6693-430x754.jpg 430w, https:\/\/streamperfect.de\/wp-content\/uploads\/2026\/03\/IMG_6693-700x1227.jpg 700w, https:\/\/streamperfect.de\/wp-content\/uploads\/2026\/03\/IMG_6693-150x263.jpg 150w, https:\/\/streamperfect.de\/wp-content\/uploads\/2026\/03\/IMG_6693.jpg 1179w\" sizes=\"(max-width: 768px) 100vw, 768px\" \/>\t\t\t\t\t\t\t\t\t\t\t\t\t\t\t\t\t\t<\/div>\n\t\t\t\t<\/div>\n\n\t\t\t\t<div class=\"wrapper-content-banner wd-fill wd-items-top wd-justify-center\">\n\t\t\t\t\t<div class=\"content-banner  text-left\">\n\t\t\t\t\t\t\n\t\t\t\t\t\t\t\t\t\t\t\t\t<h4 class=\"banner-title wd-fontsize-l\" data-elementor-setting-key=\"title\">\n\t\t\t\t\t\t\t\tWhitecloud Wandsbek\t\t\t\t\t\t\t<\/h4>\n\t\t\t\t\t\t\n\t\t\t\t\t\t\t\t\t\t\t\t\t<div class=\"banner-inner reset-last-child wd-fontsize-xs\" data-elementor-setting-key=\"content\">\n\t\t\t\t\t\t\t\t<p>Eine gro\u00dffl\u00e4chige LED-Wall wird im Whitecloud Caf\u00e9 gezielt als dekoratives Highlight eingesetzt und mit stimmungsvollen Inhalten bespielt.<\/p>\n\t\t\t\t\t\t\t<\/div>\n\t\t\t\t\t\t\n\t\t\t\t\t\t\n\t\t\t\t\t\t\t\t\t\t\t\t\t<div class=\"banner-btn-wrapper\">\n\t\t\t\t\t\t\t\t\t\t<div class=\"wd-button-wrapper text-left\" >\n\t\t\t<a class=\"btn btn-style-default btn-shape-rectangle btn-size-default btn-icon-pos-right\"  href=\"https:\/\/streamperfect.de\/?page_id=16393\">\n\t\t\t\t<span class=\"wd-btn-text\" data-elementor-setting-key=\"text\">\n\t\t\t\t\tWeiterlesen\t\t\t\t<\/span>\n\n\t\t\t\t\t\t\t<\/a>\n\t\t<\/div>\n\t\t\t\t\t\t\t\t\t<\/div>\n\t\t\t\t\t\t\t\t\t\t\t<\/div>\n\t\t\t\t<\/div>\n\n\t\t\t\t\t\t\t\t\t<a href=\"https:\/\/streamperfect.de\/?page_id=16393\" class=\"wd-promo-banner-link wd-fill\" aria-label=\"Banner link\"><\/a>\n\t\t\t\t\t\t\t<\/div>\n\t\t<\/div>\n\t\t\t\t\t\t\t\t\t\t\t\t\t<\/div>\n\t\t\t\t<\/div>\n\n\t\t\t\t\t\t\t\t\t\t\t<div class=\"wd-nav-arrows wd-pos-sep wd-hover-1 wd-icon-1\">\n\t\t\t<div class=\"wd-btn-arrow wd-prev wd-disabled\">\n\t\t\t\t<div class=\"wd-arrow-inner\"><\/div>\n\t\t\t<\/div>\n\t\t\t<div class=\"wd-btn-arrow wd-next\">\n\t\t\t\t<div class=\"wd-arrow-inner\"><\/div>\n\t\t\t<\/div>\n\t\t<\/div>\n\t\t\t\t\t\t\t\t\t<\/div>\n\n\t\t\t\t\t<div class=\"wd-nav-pagin-wrap text-center wd-style-shape wd-hide-md-sm wd-hide-sm\">\n\t\t\t<ul class=\"wd-nav-pagin\"><\/ul>\n\t\t<\/div>\n\t\t\t\t\t\t\t<\/div>\n\t\t\t\t\t\t<\/div>\n\t\t\t\t<\/div>\n\t\t\t\t\t<\/div>\n\t\t\t\t<\/div>\n\t\t\t\t<\/div>\n\t\t","protected":false},"excerpt":{"rendered":"<p>Snack City Hafencity Mit zwei mobilen Outdoor-Displays pr\u00e4sentiert Snack City seine Angebote direkt im Blickfeld der Laufkundschaft \u2013 flexibel, wetterfest<\/p>\n","protected":false},"author":1,"featured_media":0,"parent":0,"menu_order":0,"comment_status":"closed","ping_status":"closed","template":"","meta":{"footnotes":""},"class_list":["post-45","page","type-page","status-publish","hentry"],"_links":{"self":[{"href":"https:\/\/streamperfect.de\/index.php?rest_route=\/wp\/v2\/pages\/45","targetHints":{"allow":["GET"]}}],"collection":[{"href":"https:\/\/streamperfect.de\/index.php?rest_route=\/wp\/v2\/pages"}],"about":[{"href":"https:\/\/streamperfect.de\/index.php?rest_route=\/wp\/v2\/types\/page"}],"author":[{"embeddable":true,"href":"https:\/\/streamperfect.de\/index.php?rest_route=\/wp\/v2\/users\/1"}],"replies":[{"embeddable":true,"href":"https:\/\/streamperfect.de\/index.php?rest_route=%2Fwp%2Fv2%2Fcomments&post=45"}],"version-history":[{"count":34,"href":"https:\/\/streamperfect.de\/index.php?rest_route=\/wp\/v2\/pages\/45\/revisions"}],"predecessor-version":[{"id":16401,"href":"https:\/\/streamperfect.de\/index.php?rest_route=\/wp\/v2\/pages\/45\/revisions\/16401"}],"wp:attachment":[{"href":"https:\/\/streamperfect.de\/index.php?rest_route=%2Fwp%2Fv2%2Fmedia&parent=45"}],"curies":[{"name":"wp","href":"https:\/\/api.w.org\/{rel}","templated":true}]}}