{"id":16393,"date":"2026-03-27T22:01:57","date_gmt":"2026-03-27T22:01:57","guid":{"rendered":"https:\/\/streamperfect.de\/?page_id=16393"},"modified":"2026-03-27T22:02:01","modified_gmt":"2026-03-27T22:02:01","slug":"whitecloud","status":"publish","type":"page","link":"https:\/\/streamperfect.de\/?page_id=16393","title":{"rendered":"Whitecloud"},"content":{"rendered":"\n<div class=\"wp-block-group alignfull is-content-justification-center\" style=\"margin-top:0;margin-bottom:0;padding-top:calc( 0.5 * var(--wp--style--root--padding-right, var(--wp--custom--gap--horizontal)));padding-right:var(--wp--style--root--padding-right, var(--wp--custom--gap--horizontal));padding-bottom:calc( 0.5 * var(--wp--style--root--padding-right, var(--wp--custom--gap--horizontal)));padding-left:var(--wp--style--root--padding-left, var(--wp--custom--gap--horizontal))\"><div class=\"wp-block-group__inner-container is-layout-constrained wp-container-core-group-is-layout-b073b61b wp-block-group-is-layout-constrained\">\n<div style=\"height:calc( 0.25 * var(--wp--style--root--padding-right, var(--wp--custom--gap--horizontal)))\" aria-hidden=\"true\" class=\"wp-block-spacer\"><\/div>\n\n\n\n<div class=\"wp-block-columns alignwide are-vertically-aligned-center is-layout-flex wp-container-core-columns-is-layout-3da6863c wp-block-columns-is-layout-flex\">\n<div class=\"wp-block-column is-vertically-aligned-center is-layout-flow wp-block-column-is-layout-flow\" style=\"flex-basis:40%\">\n<figure class=\"wp-block-image size-full\"><img fetchpriority=\"high\" decoding=\"async\" width=\"1179\" height=\"2067\" src=\"https:\/\/streamperfect.de\/wp-content\/uploads\/2026\/03\/IMG_6693.jpg\" alt=\"\" class=\"wp-image-16339\" style=\"aspect-ratio:3\/4;object-fit:cover\" srcset=\"https:\/\/streamperfect.de\/wp-content\/uploads\/2026\/03\/IMG_6693.jpg 1179w, https:\/\/streamperfect.de\/wp-content\/uploads\/2026\/03\/IMG_6693-171x300.jpg 171w, https:\/\/streamperfect.de\/wp-content\/uploads\/2026\/03\/IMG_6693-456x800.jpg 456w, https:\/\/streamperfect.de\/wp-content\/uploads\/2026\/03\/IMG_6693-768x1346.jpg 768w, https:\/\/streamperfect.de\/wp-content\/uploads\/2026\/03\/IMG_6693-876x1536.jpg 876w, https:\/\/streamperfect.de\/wp-content\/uploads\/2026\/03\/IMG_6693-1168x2048.jpg 1168w, https:\/\/streamperfect.de\/wp-content\/uploads\/2026\/03\/IMG_6693-430x754.jpg 430w, https:\/\/streamperfect.de\/wp-content\/uploads\/2026\/03\/IMG_6693-700x1227.jpg 700w, https:\/\/streamperfect.de\/wp-content\/uploads\/2026\/03\/IMG_6693-150x263.jpg 150w\" sizes=\"(max-width: 1179px) 100vw, 1179px\" \/><\/figure>\n<\/div>\n\n\n\n<div class=\"wp-block-column is-vertically-aligned-center is-layout-flow wp-block-column-is-layout-flow\">\n<div class=\"wp-block-columns is-layout-flex wp-container-core-columns-is-layout-9d6595d7 wp-block-columns-is-layout-flex\">\n<div class=\"wp-block-column is-layout-flow wp-block-column-is-layout-flow\" style=\"flex-basis:80%\">\n<h2 class=\"wp-block-heading\">Kurzbeschreibung<\/h2>\n\n\n\n<p>Eine gro\u00dffl\u00e4chige LED-Wall wird im Whitecloud Caf\u00e9 gezielt als dekoratives Highlight eingesetzt und mit stimmungsvollen Inhalten bespielt.<\/p>\n<\/div>\n\n\n\n<div class=\"wp-block-column is-vertically-aligned-stretch is-layout-flow wp-block-column-is-layout-flow\"><\/div>\n<\/div>\n\n\n\n<div style=\"height:24px\" aria-hidden=\"true\" class=\"wp-block-spacer\"><\/div>\n\n\n\n<div class=\"wp-block-columns is-not-stacked-on-mobile has-medium-font-size is-layout-flex wp-container-core-columns-is-layout-9d6595d7 wp-block-columns-is-layout-flex\">\n<div class=\"wp-block-column is-layout-flow wp-block-column-is-layout-flow\" style=\"border-left-color:#1e1e1e40;border-left-width:1px;padding-top:0;padding-right:var(--wp--preset--spacing--20);padding-bottom:0;padding-left:var(--wp--preset--spacing--20)\">\n<h3 class=\"wp-block-heading\">Branche<\/h3>\n\n\n\n<p>Caf\u00e9<\/p>\n<\/div>\n\n\n\n<div class=\"wp-block-column is-layout-flow wp-block-column-is-layout-flow\" style=\"border-left-color:#1e1e1e40;border-left-width:1px;padding-top:0;padding-right:var(--wp--preset--spacing--20);padding-bottom:0;padding-left:var(--wp--preset--spacing--20)\">\n<h3 class=\"wp-block-heading\">Standort<\/h3>\n\n\n\n<p>Wandsbek, Hamburg<\/p>\n<\/div>\n<\/div>\n\n\n\n<div style=\"height:8px\" aria-hidden=\"true\" class=\"wp-block-spacer\"><\/div>\n\n\n\n<div class=\"wp-block-columns is-not-stacked-on-mobile has-medium-font-size is-layout-flex wp-container-core-columns-is-layout-9d6595d7 wp-block-columns-is-layout-flex\">\n<div class=\"wp-block-column is-layout-flow wp-block-column-is-layout-flow\" style=\"border-left-color:#1e1e1e40;border-left-width:1px;padding-top:0;padding-right:var(--wp--preset--spacing--20);padding-bottom:0;padding-left:var(--wp--preset--spacing--20)\">\n<h3 class=\"wp-block-heading\">L\u00f6sung<\/h3>\n\n\n\n<p>Content-Management f\u00fcr 2 \u00d7 2 m LED-Wall<\/p>\n<\/div>\n<\/div>\n<\/div>\n<\/div>\n\n\n\n<div style=\"height:9px\" aria-hidden=\"true\" class=\"wp-block-spacer\"><\/div>\n<\/div><\/div>\n\n\n\n<div class=\"wp-block-group alignfull is-content-justification-center\" style=\"margin-top:0;margin-bottom:0;padding-top:calc( 0.5 * var(--wp--style--root--padding-right, var(--wp--custom--gap--horizontal)));padding-right:var(--wp--style--root--padding-right, var(--wp--custom--gap--horizontal));padding-bottom:calc( 0.5 * var(--wp--style--root--padding-right, var(--wp--custom--gap--horizontal)));padding-left:var(--wp--style--root--padding-left, var(--wp--custom--gap--horizontal))\"><div class=\"wp-block-group__inner-container is-layout-constrained wp-container-core-group-is-layout-b073b61b wp-block-group-is-layout-constrained\">\n<div style=\"height:calc( 0.25 * var(--wp--style--root--padding-right, var(--wp--custom--gap--horizontal)))\" aria-hidden=\"true\" class=\"wp-block-spacer\"><\/div>\n\n\n\n<div class=\"wp-block-columns alignwide is-layout-flex wp-container-core-columns-is-layout-3da6863c wp-block-columns-is-layout-flex\">\n<div class=\"wp-block-column is-layout-flow wp-block-column-is-layout-flow\">\n<h3 class=\"wp-block-heading is-service-name has-medium-font-size\" style=\"font-style:normal;font-weight:700\">Ausgangssituation<\/h3>\n\n\n\n<p class=\"is-service-description\">Das Whitecloud Caf\u00e9 in Hamburg-Wandsbek setzt auf ein modernes, stilvolles Ambiente.<\/p>\n\n\n\n<p class=\"is-service-description\">Die vorhandene LED-Wall (2 \u00d7 2 Meter) sollte nicht nur als technisches Element dienen, sondern aktiv zur Atmosph\u00e4re beitragen und das Gesamterlebnis f\u00fcr die G\u00e4ste verbessern.<\/p>\n<\/div>\n\n\n\n<div class=\"wp-block-column is-layout-flow wp-block-column-is-layout-flow\">\n<h3 class=\"wp-block-heading is-service-name has-medium-font-size\" style=\"font-style:normal;font-weight:700\">L\u00f6sung<\/h3>\n\n\n\n<p class=\"is-service-description\">Wir \u00fcbernehmen die <strong>komplette inhaltliche Bespielung der LED-Wall<\/strong> und haben ein Konzept entwickelt, das perfekt zum Stil des Caf\u00e9s passt.<\/p>\n\n\n\n<p><strong>Das Besondere an der Umsetzung:<\/strong><\/p>\n\n\n\n<ul class=\"wp-block-list\">\n<li>Einsatz von <strong>ruhigen, flie\u00dfenden und \u00e4sthetischen Inhalten<\/strong><\/li>\n\n\n\n<li>Die LED-Wall wird bewusst als <strong>dekoratives Designelement<\/strong> genutzt<\/li>\n\n\n\n<li>Integration von <strong>Getr\u00e4nken und Cocktails<\/strong> aus dem Angebot von Whitecloud<\/li>\n\n\n\n<li>Visuelle Inhalte, die sich harmonisch in das Ambiente einf\u00fcgen<\/li>\n<\/ul>\n\n\n\n<p class=\"is-service-description\">Dadurch entsteht eine Kombination aus Atmosph\u00e4re, Markenpr\u00e4senz und subtiler Verkaufsf\u00f6rderung.<\/p>\n<\/div>\n\n\n\n<div class=\"wp-block-column is-layout-flow wp-block-column-is-layout-flow\">\n<h3 class=\"wp-block-heading is-service-name has-medium-font-size\" style=\"font-style:normal;font-weight:700\">Ergebnis<\/h3>\n\n\n\n<ul class=\"wp-block-list\">\n<li><strong>Einzigartige und hochwertige Atmosph\u00e4re<\/strong> im Caf\u00e9<\/li>\n<\/ul>\n\n\n\n<ul class=\"wp-block-list\">\n<li>G\u00e4ste nehmen die Inhalte positiv wahr, ohne sich \u201ebeworben\u201c zu f\u00fchlen<\/li>\n<\/ul>\n\n\n\n<ul class=\"wp-block-list\">\n<li>St\u00e4rkere visuelle Pr\u00e4sentation der Getr\u00e4nke und Cocktails<\/li>\n<\/ul>\n\n\n\n<ul class=\"wp-block-list\">\n<li>Die LED-Wall wird zum echten Blickfang im Raum<\/li>\n<\/ul>\n<\/div>\n<\/div>\n\n\n\n<div style=\"height:calc( 0.25 * var(--wp--style--root--padding-right, var(--wp--custom--gap--horizontal)))\" aria-hidden=\"true\" class=\"wp-block-spacer\"><\/div>\n<\/div><\/div>\n","protected":false},"excerpt":{"rendered":"<p>Kurzbeschreibung Eine gro\u00dffl\u00e4chige LED-Wall wird im Whitecloud Caf\u00e9 gezielt als dekoratives Highlight eingesetzt und mit stimmungsvollen Inhalten bespielt. Branche Caf\u00e9<\/p>\n","protected":false},"author":1,"featured_media":0,"parent":0,"menu_order":0,"comment_status":"closed","ping_status":"closed","template":"","meta":{"footnotes":""},"class_list":["post-16393","page","type-page","status-publish","hentry"],"_links":{"self":[{"href":"https:\/\/streamperfect.de\/index.php?rest_route=\/wp\/v2\/pages\/16393","targetHints":{"allow":["GET"]}}],"collection":[{"href":"https:\/\/streamperfect.de\/index.php?rest_route=\/wp\/v2\/pages"}],"about":[{"href":"https:\/\/streamperfect.de\/index.php?rest_route=\/wp\/v2\/types\/page"}],"author":[{"embeddable":true,"href":"https:\/\/streamperfect.de\/index.php?rest_route=\/wp\/v2\/users\/1"}],"replies":[{"embeddable":true,"href":"https:\/\/streamperfect.de\/index.php?rest_route=%2Fwp%2Fv2%2Fcomments&post=16393"}],"version-history":[{"count":1,"href":"https:\/\/streamperfect.de\/index.php?rest_route=\/wp\/v2\/pages\/16393\/revisions"}],"predecessor-version":[{"id":16395,"href":"https:\/\/streamperfect.de\/index.php?rest_route=\/wp\/v2\/pages\/16393\/revisions\/16395"}],"wp:attachment":[{"href":"https:\/\/streamperfect.de\/index.php?rest_route=%2Fwp%2Fv2%2Fmedia&parent=16393"}],"curies":[{"name":"wp","href":"https:\/\/api.w.org\/{rel}","templated":true}]}}