{"id":16356,"date":"2026-03-26T03:27:10","date_gmt":"2026-03-26T03:27:10","guid":{"rendered":"https:\/\/streamperfect.de\/?page_id=16356"},"modified":"2026-03-27T21:30:13","modified_gmt":"2026-03-27T21:30:13","slug":"projekt-moon-event-hamburg-wandsbek","status":"publish","type":"page","link":"https:\/\/streamperfect.de\/?page_id=16356","title":{"rendered":"Moon Event \u2013 Hamburg"},"content":{"rendered":"<h2 class=\"has-text-align-center wp-block-post-title\">Moon Event \u2013 Hamburg<\/h2>\n\n\n<div class=\"wp-block-group alignfull is-content-justification-center\" style=\"margin-top:0;margin-bottom:0;padding-top:calc( 0.5 * var(--wp--style--root--padding-right, var(--wp--custom--gap--horizontal)));padding-right:var(--wp--style--root--padding-right, var(--wp--custom--gap--horizontal));padding-bottom:calc( 0.5 * var(--wp--style--root--padding-right, var(--wp--custom--gap--horizontal)));padding-left:var(--wp--style--root--padding-left, var(--wp--custom--gap--horizontal))\"><div class=\"wp-block-group__inner-container is-layout-constrained wp-container-core-group-is-layout-b073b61b wp-block-group-is-layout-constrained\">\n<div style=\"height:calc( 0.25 * var(--wp--style--root--padding-right, var(--wp--custom--gap--horizontal)))\" aria-hidden=\"true\" class=\"wp-block-spacer\"><\/div>\n\n\n\n<div class=\"wp-block-group alignfull is-content-justification-center\" style=\"margin-top:0;margin-bottom:0;padding-top:calc( 0.5 * var(--wp--style--root--padding-right, var(--wp--custom--gap--horizontal)));padding-right:var(--wp--style--root--padding-right, var(--wp--custom--gap--horizontal));padding-bottom:calc( 0.5 * var(--wp--style--root--padding-right, var(--wp--custom--gap--horizontal)));padding-left:var(--wp--style--root--padding-left, var(--wp--custom--gap--horizontal))\"><div class=\"wp-block-group__inner-container is-layout-constrained wp-container-core-group-is-layout-b073b61b wp-block-group-is-layout-constrained\">\n<div style=\"height:calc( 0.25 * var(--wp--style--root--padding-right, var(--wp--custom--gap--horizontal)))\" aria-hidden=\"true\" class=\"wp-block-spacer\"><\/div>\n\n\n\n<div class=\"wp-block-columns alignwide are-vertically-aligned-center is-layout-flex wp-container-core-columns-is-layout-3da6863c wp-block-columns-is-layout-flex\">\n<div class=\"wp-block-column is-vertically-aligned-center is-layout-flow wp-block-column-is-layout-flow\" style=\"flex-basis:40%\">\n<figure class=\"wp-block-image size-full\"><img fetchpriority=\"high\" decoding=\"async\" width=\"906\" height=\"1624\" src=\"https:\/\/streamperfect.de\/wp-content\/uploads\/2026\/03\/Bildschirmfoto-2026-03-20-um-22.09.20.png\" alt=\"\" class=\"wp-image-16325\" style=\"aspect-ratio:3\/4;object-fit:cover\" srcset=\"https:\/\/streamperfect.de\/wp-content\/uploads\/2026\/03\/Bildschirmfoto-2026-03-20-um-22.09.20.png 906w, https:\/\/streamperfect.de\/wp-content\/uploads\/2026\/03\/Bildschirmfoto-2026-03-20-um-22.09.20-167x300.png 167w, https:\/\/streamperfect.de\/wp-content\/uploads\/2026\/03\/Bildschirmfoto-2026-03-20-um-22.09.20-446x800.png 446w, https:\/\/streamperfect.de\/wp-content\/uploads\/2026\/03\/Bildschirmfoto-2026-03-20-um-22.09.20-768x1377.png 768w, https:\/\/streamperfect.de\/wp-content\/uploads\/2026\/03\/Bildschirmfoto-2026-03-20-um-22.09.20-857x1536.png 857w, https:\/\/streamperfect.de\/wp-content\/uploads\/2026\/03\/Bildschirmfoto-2026-03-20-um-22.09.20-430x771.png 430w, https:\/\/streamperfect.de\/wp-content\/uploads\/2026\/03\/Bildschirmfoto-2026-03-20-um-22.09.20-700x1255.png 700w, https:\/\/streamperfect.de\/wp-content\/uploads\/2026\/03\/Bildschirmfoto-2026-03-20-um-22.09.20-150x269.png 150w\" sizes=\"(max-width: 906px) 100vw, 906px\" \/><\/figure>\n<\/div>\n\n\n\n<div class=\"wp-block-column is-vertically-aligned-center is-layout-flow wp-block-column-is-layout-flow\">\n<div class=\"wp-block-columns is-layout-flex wp-container-core-columns-is-layout-9d6595d7 wp-block-columns-is-layout-flex\">\n<div class=\"wp-block-column is-layout-flow wp-block-column-is-layout-flow\" style=\"flex-basis:80%\">\n<h2 class=\"wp-block-heading\">Projekt: Moon Event \u2013 Hamburg Wandsbek<\/h2>\n\n\n\n<p>Ein elegantes, vertikales 55&#8243; Display im Eingangsbereich von Moon Event sorgt f\u00fcr einen modernen ersten Eindruck und flexible Nutzungsm\u00f6glichkeiten.<\/p>\n<\/div>\n\n\n\n<div class=\"wp-block-column is-vertically-aligned-stretch is-layout-flow wp-block-column-is-layout-flow\"><\/div>\n<\/div>\n\n\n\n<div style=\"height:24px\" aria-hidden=\"true\" class=\"wp-block-spacer\"><\/div>\n\n\n\n<div class=\"wp-block-columns is-not-stacked-on-mobile has-medium-font-size is-layout-flex wp-container-core-columns-is-layout-9d6595d7 wp-block-columns-is-layout-flex\">\n<div class=\"wp-block-column is-layout-flow wp-block-column-is-layout-flow\" style=\"border-left-color:#1e1e1e40;border-left-width:1px;padding-top:0;padding-right:var(--wp--preset--spacing--20);padding-bottom:0;padding-left:var(--wp--preset--spacing--20)\">\n<h3 class=\"wp-block-heading\">Branche<\/h3>\n\n\n\n<p>Eventlocation<\/p>\n<\/div>\n\n\n\n<div class=\"wp-block-column is-layout-flow wp-block-column-is-layout-flow\" style=\"border-left-color:#1e1e1e40;border-left-width:1px;padding-top:0;padding-right:var(--wp--preset--spacing--20);padding-bottom:0;padding-left:var(--wp--preset--spacing--20)\">\n<h3 class=\"wp-block-heading\">Kapazit\u00e4t<\/h3>\n\n\n\n<p>Bis zu 600 G\u00e4ste<\/p>\n<\/div>\n<\/div>\n\n\n\n<div style=\"height:8px\" aria-hidden=\"true\" class=\"wp-block-spacer\"><\/div>\n\n\n\n<div class=\"wp-block-columns is-not-stacked-on-mobile has-medium-font-size is-layout-flex wp-container-core-columns-is-layout-9d6595d7 wp-block-columns-is-layout-flex\">\n<div class=\"wp-block-column is-layout-flow wp-block-column-is-layout-flow\" style=\"border-left-color:#1e1e1e40;border-left-width:1px;padding-top:0;padding-right:var(--wp--preset--spacing--20);padding-bottom:0;padding-left:var(--wp--preset--spacing--20)\">\n<h3 class=\"wp-block-heading\">L\u00f6sung<\/h3>\n\n\n\n<p>55&#8243; vertikales Display + Social Media Integration<\/p>\n<\/div>\n<\/div>\n<\/div>\n<\/div>\n\n\n\n<div style=\"height:9px\" aria-hidden=\"true\" class=\"wp-block-spacer\"><\/div>\n<\/div><\/div>\n\n\n\n<div style=\"height:calc( 0.25 * var(--wp--style--root--padding-right, var(--wp--custom--gap--horizontal)))\" aria-hidden=\"true\" class=\"wp-block-spacer\"><\/div>\n<\/div><\/div>\n\n\n\n<div class=\"wp-block-group alignfull is-content-justification-center\" style=\"margin-top:0;margin-bottom:0;padding-top:calc( 0.5 * var(--wp--style--root--padding-right, var(--wp--custom--gap--horizontal)));padding-right:var(--wp--style--root--padding-right, var(--wp--custom--gap--horizontal));padding-bottom:calc( 0.5 * var(--wp--style--root--padding-right, var(--wp--custom--gap--horizontal)));padding-left:var(--wp--style--root--padding-left, var(--wp--custom--gap--horizontal))\"><div class=\"wp-block-group__inner-container is-layout-constrained wp-container-core-group-is-layout-b073b61b wp-block-group-is-layout-constrained\">\n<div style=\"height:calc( 0.25 * var(--wp--style--root--padding-right, var(--wp--custom--gap--horizontal)))\" aria-hidden=\"true\" class=\"wp-block-spacer\"><\/div>\n\n\n\n<div class=\"wp-block-columns alignwide is-layout-flex wp-container-core-columns-is-layout-3da6863c wp-block-columns-is-layout-flex\">\n<div class=\"wp-block-column is-layout-flow wp-block-column-is-layout-flow\">\n<h3 class=\"wp-block-heading is-service-name has-medium-font-size\" style=\"font-style:normal;font-weight:700\">Ausgangssituation<\/h3>\n\n\n\n<p class=\"is-service-description\">Die Eventlocation Moon Event im Herzen von Hamburg-Wandsbek bietet Platz f\u00fcr bis zu 600 G\u00e4ste und wird f\u00fcr verschiedenste Veranstaltungen genutzt \u2013 von Hochzeiten bis hin zu Firmenfeiern.<\/p>\n\n\n\n<p class=\"is-service-description\">Die Herausforderung:<br>Den Eingangsbereich so zu gestalten, dass G\u00e4ste direkt professionell empfangen werden und gleichzeitig wichtige Informationen oder Leistungen ansprechend pr\u00e4sentiert werden k\u00f6nnen.<\/p>\n<\/div>\n\n\n\n<div class=\"wp-block-column is-layout-flow wp-block-column-is-layout-flow\">\n<h3 class=\"wp-block-heading is-service-name has-medium-font-size\" style=\"font-style:normal;font-weight:700\">L\u00f6sung<\/h3>\n\n\n\n<p class=\"is-service-description\">Wir haben ein <strong>55&#8243; vertikales Display<\/strong> im Eingangsbereich installiert \u2013 mit einem besonders <strong>eleganten und hochwertigen Design<\/strong>, das perfekt zum Ambiente der Location passt.<\/p>\n\n\n\n<p><strong>Die Einsatzm\u00f6glichkeiten sind vielseitig:<\/strong><\/p>\n\n\n\n<ul class=\"wp-block-list\">\n<li>Pr\u00e4sentation der <strong>Leistungen und Angebote<\/strong> von Moon Event<\/li>\n\n\n\n<li>Nutzung als <strong>digitale Werbefl\u00e4che<\/strong> f\u00fcr die Location<\/li>\n\n\n\n<li>Individuelle <strong>Begr\u00fc\u00dfungsnachrichten f\u00fcr G\u00e4ste<\/strong> bei Veranstaltungen<\/li>\n\n\n\n<li>Flexible Inhalte je nach Event (z. B. Hochzeit, Geburtstag, Business-Event)<\/li>\n<\/ul>\n\n\n\n<p>Zus\u00e4tzlich nutzt Moon Event unsere <strong>Instagram-Anbindung<\/strong>, um Inhalte direkt auf dem Display anzuzeigen:<\/p>\n\n\n\n<p class=\"is-service-description\">Steigerung der <strong>organischen Reichweite<\/strong> durch mehr Sichtbarkeit<\/p>\n\n\n\n<p>Live-Einbindung der eigenen Instagram-Seite<\/p>\n\n\n\n<p>Pr\u00e4sentation aktueller Events und Eindr\u00fccke<\/p>\n<\/div>\n\n\n\n<div class=\"wp-block-column is-layout-flow wp-block-column-is-layout-flow\">\n<h3 class=\"wp-block-heading is-service-name has-medium-font-size\" style=\"font-style:normal;font-weight:700\">Ergebnis<\/h3>\n\n\n\n<ul class=\"wp-block-list\">\n<li><strong>Professioneller und moderner Empfangsbereich<\/strong> <\/li>\n\n\n\n<li>Individuelle G\u00e4steansprache bei jedem Event m\u00f6glich <\/li>\n\n\n\n<li>St\u00e4rkere Markenpr\u00e4senz direkt vor Ort <\/li>\n\n\n\n<li>Mehr Aufmerksamkeit f\u00fcr Social Media Inhalte <\/li>\n\n\n\n<li>Zus\u00e4tzliche Reichweite durch visuelle Darstellung von Instagram<\/li>\n<\/ul>\n\n\n\n<p class=\"is-service-description\"><\/p>\n<\/div>\n<\/div>\n\n\n\n<div style=\"height:calc( 0.25 * var(--wp--style--root--padding-right, var(--wp--custom--gap--horizontal)))\" aria-hidden=\"true\" class=\"wp-block-spacer\"><\/div>\n<\/div><\/div>\n","protected":false},"excerpt":{"rendered":"<p>Projekt: Moon Event \u2013 Hamburg Wandsbek Ein elegantes, vertikales 55&#8243; Display im Eingangsbereich von Moon Event sorgt f\u00fcr einen modernen<\/p>\n","protected":false},"author":1,"featured_media":0,"parent":0,"menu_order":0,"comment_status":"closed","ping_status":"closed","template":"","meta":{"footnotes":""},"class_list":["post-16356","page","type-page","status-publish","hentry"],"_links":{"self":[{"href":"https:\/\/streamperfect.de\/index.php?rest_route=\/wp\/v2\/pages\/16356","targetHints":{"allow":["GET"]}}],"collection":[{"href":"https:\/\/streamperfect.de\/index.php?rest_route=\/wp\/v2\/pages"}],"about":[{"href":"https:\/\/streamperfect.de\/index.php?rest_route=\/wp\/v2\/types\/page"}],"author":[{"embeddable":true,"href":"https:\/\/streamperfect.de\/index.php?rest_route=\/wp\/v2\/users\/1"}],"replies":[{"embeddable":true,"href":"https:\/\/streamperfect.de\/index.php?rest_route=%2Fwp%2Fv2%2Fcomments&post=16356"}],"version-history":[{"count":3,"href":"https:\/\/streamperfect.de\/index.php?rest_route=\/wp\/v2\/pages\/16356\/revisions"}],"predecessor-version":[{"id":16386,"href":"https:\/\/streamperfect.de\/index.php?rest_route=\/wp\/v2\/pages\/16356\/revisions\/16386"}],"wp:attachment":[{"href":"https:\/\/streamperfect.de\/index.php?rest_route=%2Fwp%2Fv2%2Fmedia&parent=16356"}],"curies":[{"name":"wp","href":"https:\/\/api.w.org\/{rel}","templated":true}]}}