{"id":16351,"date":"2026-03-26T03:03:36","date_gmt":"2026-03-26T03:03:36","guid":{"rendered":"https:\/\/streamperfect.de\/?page_id=16351"},"modified":"2026-03-27T21:27:37","modified_gmt":"2026-03-27T21:27:37","slug":"projekt-adese-supermarkt","status":"publish","type":"page","link":"https:\/\/streamperfect.de\/?page_id=16351","title":{"rendered":"Adese Supermarkt"},"content":{"rendered":"<h2 class=\"has-text-align-center wp-block-post-title\">Adese Supermarkt<\/h2>\n\n\n<div class=\"wp-block-group alignfull is-content-justification-center\" style=\"margin-top:0;margin-bottom:0;padding-top:calc( 0.5 * var(--wp--style--root--padding-right, var(--wp--custom--gap--horizontal)));padding-right:var(--wp--style--root--padding-right, var(--wp--custom--gap--horizontal));padding-bottom:calc( 0.5 * var(--wp--style--root--padding-right, var(--wp--custom--gap--horizontal)));padding-left:var(--wp--style--root--padding-left, var(--wp--custom--gap--horizontal))\"><div class=\"wp-block-group__inner-container is-layout-constrained wp-container-core-group-is-layout-b073b61b wp-block-group-is-layout-constrained\">\n<div style=\"height:0px\" aria-hidden=\"true\" class=\"wp-block-spacer\"><\/div>\n\n\n\n<div class=\"wp-block-columns alignwide are-vertically-aligned-center is-layout-flex wp-container-core-columns-is-layout-3da6863c wp-block-columns-is-layout-flex\">\n<div class=\"wp-block-column is-vertically-aligned-center is-layout-flow wp-block-column-is-layout-flow\" style=\"flex-basis:40%\">\n<figure class=\"wp-block-image size-full\"><img fetchpriority=\"high\" decoding=\"async\" width=\"768\" height=\"1390\" src=\"https:\/\/streamperfect.de\/wp-content\/uploads\/2026\/03\/Adese_Display.jpeg\" alt=\"\" class=\"wp-image-16319\" style=\"aspect-ratio:3\/4;object-fit:cover\" srcset=\"https:\/\/streamperfect.de\/wp-content\/uploads\/2026\/03\/Adese_Display.jpeg 768w, https:\/\/streamperfect.de\/wp-content\/uploads\/2026\/03\/Adese_Display-166x300.jpeg 166w, https:\/\/streamperfect.de\/wp-content\/uploads\/2026\/03\/Adese_Display-442x800.jpeg 442w, https:\/\/streamperfect.de\/wp-content\/uploads\/2026\/03\/Adese_Display-430x778.jpeg 430w, https:\/\/streamperfect.de\/wp-content\/uploads\/2026\/03\/Adese_Display-700x1267.jpeg 700w, https:\/\/streamperfect.de\/wp-content\/uploads\/2026\/03\/Adese_Display-150x271.jpeg 150w\" sizes=\"(max-width: 768px) 100vw, 768px\" \/><\/figure>\n<\/div>\n\n\n\n<div class=\"wp-block-column is-vertically-aligned-center is-layout-flow wp-block-column-is-layout-flow\">\n<div class=\"wp-block-columns is-layout-flex wp-container-core-columns-is-layout-9d6595d7 wp-block-columns-is-layout-flex\">\n<div class=\"wp-block-column is-layout-flow wp-block-column-is-layout-flow\" style=\"flex-basis:80%\">\n<h2 class=\"wp-block-heading\">Kurzbeschreibung<\/h2>\n\n\n\n<p>Im Adese Supermarkt sorgen 5 strategisch platzierte Displays daf\u00fcr, dass Angebote genau dort gesehen werden, wo Kaufentscheidungen entstehen.<\/p>\n<\/div>\n\n\n\n<div class=\"wp-block-column is-vertically-aligned-stretch is-layout-flow wp-block-column-is-layout-flow\"><\/div>\n<\/div>\n\n\n\n<div style=\"height:24px\" aria-hidden=\"true\" class=\"wp-block-spacer\"><\/div>\n\n\n\n<div class=\"wp-block-columns is-not-stacked-on-mobile has-medium-font-size is-layout-flex wp-container-core-columns-is-layout-9d6595d7 wp-block-columns-is-layout-flex\">\n<div class=\"wp-block-column is-layout-flow wp-block-column-is-layout-flow\" style=\"border-left-color:#1e1e1e40;border-left-width:1px;padding-top:0;padding-right:var(--wp--preset--spacing--20);padding-bottom:0;padding-left:var(--wp--preset--spacing--20)\">\n<h3 class=\"wp-block-heading\">Branche<\/h3>\n\n\n\n<p>Supermarkt \/ Einzelhandel<\/p>\n<\/div>\n\n\n\n<div class=\"wp-block-column is-layout-flow wp-block-column-is-layout-flow\" style=\"border-left-color:#1e1e1e40;border-left-width:1px;padding-top:0;padding-right:var(--wp--preset--spacing--20);padding-bottom:0;padding-left:var(--wp--preset--spacing--20)\">\n<h3 class=\"wp-block-heading\">Verkaufsfl\u00e4che<\/h3>\n\n\n\n<p>Ca. 2.000 m\u00b2<\/p>\n<\/div>\n<\/div>\n\n\n\n<div style=\"height:8px\" aria-hidden=\"true\" class=\"wp-block-spacer\"><\/div>\n\n\n\n<div class=\"wp-block-columns is-not-stacked-on-mobile has-medium-font-size is-layout-flex wp-container-core-columns-is-layout-9d6595d7 wp-block-columns-is-layout-flex\">\n<div class=\"wp-block-column is-layout-flow wp-block-column-is-layout-flow\" style=\"border-left-color:#1e1e1e40;border-left-width:1px;padding-top:0;padding-right:var(--wp--preset--spacing--20);padding-bottom:0;padding-left:var(--wp--preset--spacing--20)\">\n<h3 class=\"wp-block-heading\">L\u00f6sung<\/h3>\n\n\n\n<p>Komplettl\u00f6sung mit 5 Displays + cloudbasierte Content-Steuerung<\/p>\n<\/div>\n<\/div>\n<\/div>\n<\/div>\n\n\n\n<div style=\"height:9px\" aria-hidden=\"true\" class=\"wp-block-spacer\"><\/div>\n<\/div><\/div>\n\n\n\n<div class=\"wp-block-group alignfull is-content-justification-center\" style=\"margin-top:0;margin-bottom:0;padding-top:calc( 0.5 * var(--wp--style--root--padding-right, var(--wp--custom--gap--horizontal)));padding-right:var(--wp--style--root--padding-right, var(--wp--custom--gap--horizontal));padding-bottom:calc( 0.5 * var(--wp--style--root--padding-right, var(--wp--custom--gap--horizontal)));padding-left:var(--wp--style--root--padding-left, var(--wp--custom--gap--horizontal))\"><div class=\"wp-block-group__inner-container is-layout-constrained wp-container-core-group-is-layout-b073b61b wp-block-group-is-layout-constrained\">\n<div style=\"height:calc( 0.25 * var(--wp--style--root--padding-right, var(--wp--custom--gap--horizontal)))\" aria-hidden=\"true\" class=\"wp-block-spacer\"><\/div>\n\n\n\n<div class=\"wp-block-columns alignwide is-layout-flex wp-container-core-columns-is-layout-3da6863c wp-block-columns-is-layout-flex\">\n<div class=\"wp-block-column is-layout-flow wp-block-column-is-layout-flow\">\n<h3 class=\"wp-block-heading is-service-name has-medium-font-size\" style=\"font-style:normal;font-weight:700\">Ausgangssituation<\/h3>\n\n\n\n<p class=\"is-service-description\">Der Adese Supermarkt verf\u00fcgt \u00fcber eine gro\u00dfe Verkaufsfl\u00e4che von rund 2.000 m\u00b2 mit einer Deckenh\u00f6he von etwa 4 Metern.<\/p>\n\n\n\n<p>Die Herausforderung war klar:<br>Wie schafft man es, Angebote und Aktionen so zu platzieren, dass sie im gesamten Markt wirklich wahrgenommen werden?<\/p>\n\n\n\n<p class=\"is-service-description\">Klassische Plakate gingen oft unter oder wurden schlicht \u00fcbersehen \u2013 vor allem in stark frequentierten Bereichen.<\/p>\n<\/div>\n\n\n\n<div class=\"wp-block-column is-layout-flow wp-block-column-is-layout-flow\">\n<h3 class=\"wp-block-heading is-service-name has-medium-font-size\" style=\"font-style:normal;font-weight:700\">L\u00f6sung<\/h3>\n\n\n\n<p class=\"is-service-description\">Wir haben eine <strong>individuell geplante Komplettl\u00f6sung mit 5 Displays<\/strong> umgesetzt, die gezielt an den wichtigsten Punkten im Markt positioniert wurden:<\/p>\n\n\n\n<ul class=\"wp-block-list\">\n<li>Frischtheke<\/li>\n\n\n\n<li>Fleischtheke<\/li>\n\n\n\n<li>Brotecke<\/li>\n\n\n\n<li>Fensterbereich (f\u00fcr Au\u00dfenwirkung)<\/li>\n<\/ul>\n\n\n\n<p><strong>Besonderheiten der L\u00f6sung:<\/strong><\/p>\n\n\n\n<p class=\"is-service-description\">Inhalte werden <strong>w\u00f6chentlich<\/strong>, bei Bedarf sogar <strong>t\u00e4glich aktualisiert<\/strong><\/p>\n\n\n\n<p>Inhalte optimal sichtbar \u2013 trotz 4 m Deckenh\u00f6he<\/p>\n\n\n\n<p>Mischung aus <strong>Bildern und Videos<\/strong> f\u00fcr maximale Aufmerksamkeit<\/p>\n\n\n\n<p><strong>Cloudbasierte Software<\/strong> f\u00fcr einfache, zentrale Steuerung<\/p>\n<\/div>\n\n\n\n<div class=\"wp-block-column is-layout-flow wp-block-column-is-layout-flow\">\n<h3 class=\"wp-block-heading is-service-name has-medium-font-size\" style=\"font-style:normal;font-weight:700\">Ergebnis<\/h3>\n\n\n\n<p class=\"is-service-description\">Die Wirkung ist deutlich messbar:<\/p>\n\n\n\n<p class=\"is-service-description\">Weniger Aufwand f\u00fcr das Personal durch zentrale Steuerung<\/p>\n\n\n\n<p><strong>+30 % h\u00f6here Wahrnehmung<\/strong> der w\u00f6chentlichen Angebote<\/p>\n\n\n\n<p>Kunden werden gezielt an den richtigen Stellen angesprochen<\/p>\n\n\n\n<p>Spontank\u00e4ufe werden aktiv gef\u00f6rdert<\/p>\n\n\n\n<p>Deutlich moderner und strukturierter Marktauftritt<\/p>\n<\/div>\n<\/div>\n\n\n\n<div style=\"height:calc( 0.25 * var(--wp--style--root--padding-right, var(--wp--custom--gap--horizontal)))\" aria-hidden=\"true\" class=\"wp-block-spacer\"><\/div>\n<\/div><\/div>\n","protected":false},"excerpt":{"rendered":"<p>Kurzbeschreibung Im Adese Supermarkt sorgen 5 strategisch platzierte Displays daf\u00fcr, dass Angebote genau dort gesehen werden, wo Kaufentscheidungen entstehen. Branche<\/p>\n","protected":false},"author":1,"featured_media":0,"parent":0,"menu_order":0,"comment_status":"closed","ping_status":"closed","template":"","meta":{"footnotes":""},"class_list":["post-16351","page","type-page","status-publish","hentry"],"_links":{"self":[{"href":"https:\/\/streamperfect.de\/index.php?rest_route=\/wp\/v2\/pages\/16351","targetHints":{"allow":["GET"]}}],"collection":[{"href":"https:\/\/streamperfect.de\/index.php?rest_route=\/wp\/v2\/pages"}],"about":[{"href":"https:\/\/streamperfect.de\/index.php?rest_route=\/wp\/v2\/types\/page"}],"author":[{"embeddable":true,"href":"https:\/\/streamperfect.de\/index.php?rest_route=\/wp\/v2\/users\/1"}],"replies":[{"embeddable":true,"href":"https:\/\/streamperfect.de\/index.php?rest_route=%2Fwp%2Fv2%2Fcomments&post=16351"}],"version-history":[{"count":2,"href":"https:\/\/streamperfect.de\/index.php?rest_route=\/wp\/v2\/pages\/16351\/revisions"}],"predecessor-version":[{"id":16385,"href":"https:\/\/streamperfect.de\/index.php?rest_route=\/wp\/v2\/pages\/16351\/revisions\/16385"}],"wp:attachment":[{"href":"https:\/\/streamperfect.de\/index.php?rest_route=%2Fwp%2Fv2%2Fmedia&parent=16351"}],"curies":[{"name":"wp","href":"https:\/\/api.w.org\/{rel}","templated":true}]}}