{"id":15841,"date":"2025-10-21T03:18:12","date_gmt":"2025-10-21T03:18:12","guid":{"rendered":"https:\/\/streamperfect.de\/?page_id=15841"},"modified":"2025-10-21T03:18:56","modified_gmt":"2025-10-21T03:18:56","slug":"events","status":"publish","type":"page","link":"https:\/\/streamperfect.de\/?page_id=15841","title":{"rendered":"Events"},"content":{"rendered":"\t\t<div data-elementor-type=\"wp-page\" data-elementor-id=\"15841\" class=\"elementor elementor-15841\">\n\t\t\t\t\t\t<section class=\"wd-negative-gap elementor-section elementor-top-section elementor-element elementor-element-de16e3d wd-section-stretch elementor-section-boxed elementor-section-height-default elementor-section-height-default\" data-id=\"de16e3d\" data-element_type=\"section\" data-e-type=\"section\" data-settings=\"{&quot;background_background&quot;:&quot;classic&quot;}\">\n\t\t\t\t\t\t<div class=\"elementor-container elementor-column-gap-extended\">\n\t\t\t\t\t<div class=\"elementor-column elementor-col-50 elementor-top-column elementor-element elementor-element-6c37f3d\" data-id=\"6c37f3d\" data-element_type=\"column\" data-e-type=\"column\">\n\t\t\t<div class=\"elementor-widget-wrap elementor-element-populated\">\n\t\t\t\t\t\t<div class=\"elementor-element elementor-element-650e2fa elementor-widget elementor-widget-wd_image_or_svg\" data-id=\"650e2fa\" data-element_type=\"widget\" data-e-type=\"widget\" data-widget_type=\"wd_image_or_svg.default\">\n\t\t\t\t<div class=\"elementor-widget-container\">\n\t\t\t\t\t\n\t\t<div class=\"wd-image text-left\">\n\t\t\t\t\t\t\t\t<img fetchpriority=\"high\" decoding=\"async\" width=\"707\" height=\"624\" src=\"https:\/\/streamperfect.de\/wp-content\/uploads\/2025\/10\/Events.png\" class=\"attachment-full size-full\" alt=\"\" srcset=\"https:\/\/streamperfect.de\/wp-content\/uploads\/2025\/10\/Events.png 707w, https:\/\/streamperfect.de\/wp-content\/uploads\/2025\/10\/Events-430x380.png 430w, https:\/\/streamperfect.de\/wp-content\/uploads\/2025\/10\/Events-150x132.png 150w, https:\/\/streamperfect.de\/wp-content\/uploads\/2025\/10\/Events-700x618.png 700w, https:\/\/streamperfect.de\/wp-content\/uploads\/2025\/10\/Events-340x300.png 340w\" sizes=\"(max-width: 707px) 100vw, 707px\" \/>\t\t\t\t\t<\/div>\n\n\t\t\t\t\t\t<\/div>\n\t\t\t\t<\/div>\n\t\t\t\t\t<\/div>\n\t\t<\/div>\n\t\t\t\t<div class=\"elementor-column elementor-col-50 elementor-top-column elementor-element elementor-element-f902fde\" data-id=\"f902fde\" data-element_type=\"column\" data-e-type=\"column\">\n\t\t\t<div class=\"elementor-widget-wrap elementor-element-populated\">\n\t\t\t\t\t\t<div class=\"elementor-element elementor-element-65b09df wd-width-100 elementor-widget elementor-widget-wd_title\" data-id=\"65b09df\" data-element_type=\"widget\" data-e-type=\"widget\" data-widget_type=\"wd_title.default\">\n\t\t\t\t<div class=\"elementor-widget-container\">\n\t\t\t\t\t\t\t<div class=\"title-wrapper wd-set-mb reset-last-child wd-title-color-default wd-title-style-default wd-title-size-extra-large text-left\">\n\n\t\t\t\n\t\t\t<div class=\"liner-continer\">\n\t\t\t\t<h4 class=\"woodmart-title-container title wd-fontsize-xxxl wd-underline-colored\">Eventlocations &amp; Veranstalter<br \/>\n<\/h4> \n\t\t\t\t\t\t\t<\/div>\n\n\t\t\t\t\t<\/div>\n\t\t\t\t\t\t<\/div>\n\t\t\t\t<\/div>\n\t\t\t\t<div class=\"elementor-element elementor-element-489e0da elementor-widget elementor-widget-wd_text_block\" data-id=\"489e0da\" data-element_type=\"widget\" data-e-type=\"widget\" data-widget_type=\"wd_text_block.default\">\n\t\t\t\t<div class=\"elementor-widget-container\">\n\t\t\t\t\t\t\t<div class=\"wd-text-block reset-last-child text-left\">\n\t\t\t\n\t\t\t<p class=\"\" data-start=\"142\" data-end=\"446\">Ob Hochzeit, Firmenfeier oder Konzert \u2013\u00a0<span data-start=\"2890\" data-end=\"2930\">digitale Displays f\u00fcr Eventlocations<\/span>\u00a0beeindrucken G\u00e4ste vom ersten Moment. Mit unseren\u00a0<span data-start=\"2981\" data-end=\"3009\">Digital Signage L\u00f6sungen<\/span>\u00a0k\u00f6nnen Sie Begr\u00fc\u00dfungen, Belegungspl\u00e4ne oder Sponsorendarstellungen flexibel einblenden.<br \/><br \/>Erinnerungsbilder oder Live-Infos lassen sich in Echtzeit anzeigen. Unsere wetterfesten Outdoor-Displays sind perfekt f\u00fcr Eingangsbereiche geeignet. Inhalte k\u00f6nnen zentral vorbereitet und automatisch abgespielt werden, sodass Events reibungslos ablaufen.<br \/><br \/>Veranstalter sparen Druckkosten und bleiben flexibel bei kurzfristigen \u00c4nderungen. F\u00fcr G\u00e4ste entsteht ein modernes, unvergessliches Erlebnis. Mit\u00a0<span data-start=\"3499\" data-end=\"3533\">Stream Perfect Digital Signage<\/span>\u00a0werden Events professioneller und attraktiver.<\/p>\n\t\t\t\t\t<\/div>\n\t\t\t\t\t\t<\/div>\n\t\t\t\t<\/div>\n\t\t\t\t\t<\/div>\n\t\t<\/div>\n\t\t\t\t\t<\/div>\n\t\t<\/section>\n\t\t\t\t<\/div>\n\t\t","protected":false},"excerpt":{"rendered":"<p>Eventlocations &amp; Veranstalter Ob Hochzeit, Firmenfeier oder Konzert \u2013\u00a0digitale Displays f\u00fcr Eventlocations\u00a0beeindrucken G\u00e4ste vom ersten Moment. Mit unseren\u00a0Digital Signage L\u00f6sungen\u00a0k\u00f6nnen<\/p>\n","protected":false},"author":1,"featured_media":0,"parent":0,"menu_order":0,"comment_status":"closed","ping_status":"closed","template":"","meta":{"footnotes":""},"class_list":["post-15841","page","type-page","status-publish","hentry"],"_links":{"self":[{"href":"https:\/\/streamperfect.de\/index.php?rest_route=\/wp\/v2\/pages\/15841","targetHints":{"allow":["GET"]}}],"collection":[{"href":"https:\/\/streamperfect.de\/index.php?rest_route=\/wp\/v2\/pages"}],"about":[{"href":"https:\/\/streamperfect.de\/index.php?rest_route=\/wp\/v2\/types\/page"}],"author":[{"embeddable":true,"href":"https:\/\/streamperfect.de\/index.php?rest_route=\/wp\/v2\/users\/1"}],"replies":[{"embeddable":true,"href":"https:\/\/streamperfect.de\/index.php?rest_route=%2Fwp%2Fv2%2Fcomments&post=15841"}],"version-history":[{"count":0,"href":"https:\/\/streamperfect.de\/index.php?rest_route=\/wp\/v2\/pages\/15841\/revisions"}],"wp:attachment":[{"href":"https:\/\/streamperfect.de\/index.php?rest_route=%2Fwp%2Fv2%2Fmedia&parent=15841"}],"curies":[{"name":"wp","href":"https:\/\/api.w.org\/{rel}","templated":true}]}}