{"id":15826,"date":"2025-10-21T03:13:43","date_gmt":"2025-10-21T03:13:43","guid":{"rendered":"https:\/\/streamperfect.de\/?page_id=15826"},"modified":"2025-10-21T03:21:07","modified_gmt":"2025-10-21T03:21:07","slug":"restaurants","status":"publish","type":"page","link":"https:\/\/streamperfect.de\/?page_id=15826","title":{"rendered":"Restaurants"},"content":{"rendered":"\t\t<div data-elementor-type=\"wp-page\" data-elementor-id=\"15826\" class=\"elementor elementor-15826\">\n\t\t\t\t\t\t<section class=\"wd-negative-gap elementor-section elementor-top-section elementor-element elementor-element-21b0e72 wd-section-stretch elementor-section-boxed elementor-section-height-default elementor-section-height-default\" data-id=\"21b0e72\" data-element_type=\"section\" data-e-type=\"section\" data-settings=\"{&quot;background_background&quot;:&quot;classic&quot;}\">\n\t\t\t\t\t\t<div class=\"elementor-container elementor-column-gap-extended\">\n\t\t\t\t\t<div class=\"elementor-column elementor-col-50 elementor-top-column elementor-element elementor-element-5331cba\" data-id=\"5331cba\" data-element_type=\"column\" data-e-type=\"column\">\n\t\t\t<div class=\"elementor-widget-wrap elementor-element-populated\">\n\t\t\t\t\t\t<div class=\"elementor-element elementor-element-aa4cf7b elementor-widget elementor-widget-wd_image_or_svg\" data-id=\"aa4cf7b\" data-element_type=\"widget\" data-e-type=\"widget\" data-widget_type=\"wd_image_or_svg.default\">\n\t\t\t\t<div class=\"elementor-widget-container\">\n\t\t\t\t\t\n\t\t<div class=\"wd-image text-left\">\n\t\t\t\t\t\t\t\t<img fetchpriority=\"high\" decoding=\"async\" width=\"707\" height=\"624\" src=\"https:\/\/streamperfect.de\/wp-content\/uploads\/2025\/10\/Restaurant.png\" class=\"attachment-full size-full\" alt=\"\" srcset=\"https:\/\/streamperfect.de\/wp-content\/uploads\/2025\/10\/Restaurant.png 707w, https:\/\/streamperfect.de\/wp-content\/uploads\/2025\/10\/Restaurant-430x380.png 430w, https:\/\/streamperfect.de\/wp-content\/uploads\/2025\/10\/Restaurant-150x132.png 150w, https:\/\/streamperfect.de\/wp-content\/uploads\/2025\/10\/Restaurant-700x618.png 700w, https:\/\/streamperfect.de\/wp-content\/uploads\/2025\/10\/Restaurant-340x300.png 340w\" sizes=\"(max-width: 707px) 100vw, 707px\" \/>\t\t\t\t\t<\/div>\n\n\t\t\t\t\t\t<\/div>\n\t\t\t\t<\/div>\n\t\t\t\t\t<\/div>\n\t\t<\/div>\n\t\t\t\t<div class=\"elementor-column elementor-col-50 elementor-top-column elementor-element elementor-element-c638fe7\" data-id=\"c638fe7\" data-element_type=\"column\" data-e-type=\"column\">\n\t\t\t<div class=\"elementor-widget-wrap elementor-element-populated\">\n\t\t\t\t\t\t<div class=\"elementor-element elementor-element-b2758db wd-width-100 elementor-widget elementor-widget-wd_title\" data-id=\"b2758db\" data-element_type=\"widget\" data-e-type=\"widget\" data-widget_type=\"wd_title.default\">\n\t\t\t\t<div class=\"elementor-widget-container\">\n\t\t\t\t\t\t\t<div class=\"title-wrapper wd-set-mb reset-last-child wd-title-color-default wd-title-style-default wd-title-size-extra-large text-left\">\n\n\t\t\t\n\t\t\t<div class=\"liner-continer\">\n\t\t\t\t<h4 class=\"woodmart-title-container title wd-fontsize-xxxl wd-underline-colored\">Gastronomie &amp; Hotellerie<br \/>\n<\/h4> \n\t\t\t\t\t\t\t<\/div>\n\n\t\t\t\t\t<\/div>\n\t\t\t\t\t\t<\/div>\n\t\t\t\t<\/div>\n\t\t\t\t<div class=\"elementor-element elementor-element-1e5686d elementor-widget elementor-widget-wd_text_block\" data-id=\"1e5686d\" data-element_type=\"widget\" data-e-type=\"widget\" data-widget_type=\"wd_text_block.default\">\n\t\t\t\t<div class=\"elementor-widget-container\">\n\t\t\t\t\t\t\t<div class=\"wd-text-block reset-last-child text-left\">\n\t\t\t\n\t\t\t<p class=\"\" data-start=\"142\" data-end=\"446\">Mit digitalen Men\u00fcboards und Digital Signage f\u00fcr Restaurants und Hotels haben Sie maximale Flexibilit\u00e4t. Tagesangebote, Happy Hour Specials oder neue Gerichte lassen sich zentral in Sekunden \u00e4ndern \u2013 ohne Druckkosten. Hotels nutzen digitale Displays f\u00fcr G\u00e4stebegr\u00fc\u00dfungen, Event-Infos oder Wellnessangebote.<br \/><br \/>Unsere Outdoor-Displays \u00fcberzeugen auch bei Sonnenlicht mit hoher Helligkeit und ziehen G\u00e4ste schon von weitem an.<br \/>Durch Zeitsteuerung wechseln Inhalte automatisch, z. B. Fr\u00fchst\u00fccks-, Mittags- und Abendkarte. G\u00e4ste erleben ein modernes Ambiente und f\u00fchlen sich stets bestens informiert.<br \/>F\u00fcr Gastronomen bedeutet das: weniger Aufwand, geringere Kosten und mehr Umsatz durch attraktive Pr\u00e4sentationen.<\/p>\n\t\t\t\t\t<\/div>\n\t\t\t\t\t\t<\/div>\n\t\t\t\t<\/div>\n\t\t\t\t\t<\/div>\n\t\t<\/div>\n\t\t\t\t\t<\/div>\n\t\t<\/section>\n\t\t\t\t<\/div>\n\t\t","protected":false},"excerpt":{"rendered":"<p>Gastronomie &amp; Hotellerie Mit digitalen Men\u00fcboards und Digital Signage f\u00fcr Restaurants und Hotels haben Sie maximale Flexibilit\u00e4t. Tagesangebote, Happy Hour<\/p>\n","protected":false},"author":1,"featured_media":0,"parent":0,"menu_order":0,"comment_status":"closed","ping_status":"closed","template":"","meta":{"footnotes":""},"class_list":["post-15826","page","type-page","status-publish","hentry"],"_links":{"self":[{"href":"https:\/\/streamperfect.de\/index.php?rest_route=\/wp\/v2\/pages\/15826","targetHints":{"allow":["GET"]}}],"collection":[{"href":"https:\/\/streamperfect.de\/index.php?rest_route=\/wp\/v2\/pages"}],"about":[{"href":"https:\/\/streamperfect.de\/index.php?rest_route=\/wp\/v2\/types\/page"}],"author":[{"embeddable":true,"href":"https:\/\/streamperfect.de\/index.php?rest_route=\/wp\/v2\/users\/1"}],"replies":[{"embeddable":true,"href":"https:\/\/streamperfect.de\/index.php?rest_route=%2Fwp%2Fv2%2Fcomments&post=15826"}],"version-history":[{"count":0,"href":"https:\/\/streamperfect.de\/index.php?rest_route=\/wp\/v2\/pages\/15826\/revisions"}],"wp:attachment":[{"href":"https:\/\/streamperfect.de\/index.php?rest_route=%2Fwp%2Fv2%2Fmedia&parent=15826"}],"curies":[{"name":"wp","href":"https:\/\/api.w.org\/{rel}","templated":true}]}}