{"id":15792,"date":"2025-10-20T15:49:53","date_gmt":"2025-10-20T15:49:53","guid":{"rendered":"https:\/\/streamperfect.de\/?page_id=15792"},"modified":"2025-10-21T03:11:27","modified_gmt":"2025-10-21T03:11:27","slug":"leistungen","status":"publish","type":"page","link":"https:\/\/streamperfect.de\/?page_id=15792","title":{"rendered":"Leistungen"},"content":{"rendered":"\t\t<div data-elementor-type=\"wp-page\" data-elementor-id=\"15792\" class=\"elementor elementor-15792\">\n\t\t\t\t\t\t<section class=\"wd-negative-gap elementor-section elementor-top-section elementor-element elementor-element-3e8692a0 wd-section-stretch elementor-section-boxed elementor-section-height-default elementor-section-height-default\" data-id=\"3e8692a0\" data-element_type=\"section\" data-e-type=\"section\" data-settings=\"{&quot;background_background&quot;:&quot;classic&quot;}\">\n\t\t\t\t\t\t<div class=\"elementor-container elementor-column-gap-extended\">\n\t\t\t\t\t<div class=\"elementor-column elementor-col-50 elementor-top-column elementor-element elementor-element-e2ae030\" data-id=\"e2ae030\" data-element_type=\"column\" data-e-type=\"column\">\n\t\t\t<div class=\"elementor-widget-wrap elementor-element-populated\">\n\t\t\t\t\t\t<div class=\"elementor-element elementor-element-2b181439 wd-width-100 elementor-widget elementor-widget-wd_title\" data-id=\"2b181439\" data-element_type=\"widget\" data-e-type=\"widget\" data-widget_type=\"wd_title.default\">\n\t\t\t\t<div class=\"elementor-widget-container\">\n\t\t\t\t\t\t\t<div class=\"title-wrapper wd-set-mb reset-last-child wd-title-color-default wd-title-style-default wd-title-size-extra-large text-left\">\n\n\t\t\t\n\t\t\t<div class=\"liner-continer\">\n\t\t\t\t<h4 class=\"woodmart-title-container title wd-fontsize-xxxl wd-underline-colored\">Unsere Expertise<br \/>\n<\/h4> \n\t\t\t\t\t\t\t<\/div>\n\n\t\t\t\t\t<\/div>\n\t\t\t\t\t\t<\/div>\n\t\t\t\t<\/div>\n\t\t\t\t<div class=\"elementor-element elementor-element-4fbe0819 elementor-widget elementor-widget-wd_text_block\" data-id=\"4fbe0819\" data-element_type=\"widget\" data-e-type=\"widget\" data-widget_type=\"wd_text_block.default\">\n\t\t\t\t<div class=\"elementor-widget-container\">\n\t\t\t\t\t\t\t<div class=\"wd-text-block reset-last-child text-left\">\n\t\t\t\n\t\t\t<p class=\"\" data-start=\"134\" data-end=\"385\">Mit langj\u00e4hriger Erfahrung im Bereich Digital Signage und moderner Unternehmenskommunikation bieten wir ma\u00dfgeschneiderte L\u00f6sungen f\u00fcr unterschiedlichste Branchen \u2013 von Einzelhandel und Gastronomie \u00fcber Apotheken und Kliniken bis hin zu Eventlocations.<\/p><p class=\"\" data-start=\"387\" data-end=\"678\">Unsere St\u00e4rke liegt in der Kombination aus hochwertiger Hardware, leistungsstarker cloudbasierter Software und pers\u00f6nlichem Service. Wir verstehen die Anforderungen unserer Gesch\u00e4ftskunden und entwickeln Systeme, die nicht nur technisch \u00fcberzeugen, sondern auch wirtschaftlich sinnvoll sind.<\/p><p class=\"\" data-start=\"680\" data-end=\"913\">Ob Einzelger\u00e4t oder standort\u00fcbergreifendes Netzwerk \u2013 wir begleiten Sie von der Beratung \u00fcber die Einrichtung bis hin zur langfristigen Betreuung. Unser Ziel: Ihre Botschaften wirkungsvoll, flexibel und nachhaltig sichtbar zu machen.<\/p><p class=\"\" data-start=\"915\" data-end=\"1017\">Verlassen Sie sich auf eine Expertise, die Innovation, Effizienz und Zukunftsorientierung verbindet.<\/p>\n\t\t\t\t\t<\/div>\n\t\t\t\t\t\t<\/div>\n\t\t\t\t<\/div>\n\t\t\t\t<div class=\"elementor-element elementor-element-4370b0b4 elementor-widget__width-auto elementor-widget elementor-widget-wd_button\" data-id=\"4370b0b4\" data-element_type=\"widget\" data-e-type=\"widget\" data-widget_type=\"wd_button.default\">\n\t\t\t\t<div class=\"elementor-widget-container\">\n\t\t\t\t\t\t\t<div class=\"wd-button-wrapper text-center\" >\n\t\t\t<a class=\"btn btn-style-default btn-shape-rectangle btn-size-default btn-color-black btn-icon-pos-right\"  href=\"https:\/\/streamperfect.de\/shop\/\">\n\t\t\t\t<span class=\"wd-btn-text\" data-elementor-setting-key=\"text\">\n\t\t\t\t\tSHOP\t\t\t\t<\/span>\n\n\t\t\t\t\t\t\t<\/a>\n\t\t<\/div>\n\t\t\t\t\t\t<\/div>\n\t\t\t\t<\/div>\n\t\t\t\t\t<\/div>\n\t\t<\/div>\n\t\t\t\t<div class=\"elementor-column elementor-col-50 elementor-top-column elementor-element elementor-element-5586d5f1\" data-id=\"5586d5f1\" data-element_type=\"column\" data-e-type=\"column\">\n\t\t\t<div class=\"elementor-widget-wrap elementor-element-populated\">\n\t\t\t\t\t\t<div class=\"elementor-element elementor-element-7aa27f9a elementor-widget elementor-widget-wd_image_or_svg\" data-id=\"7aa27f9a\" data-element_type=\"widget\" data-e-type=\"widget\" data-widget_type=\"wd_image_or_svg.default\">\n\t\t\t\t<div class=\"elementor-widget-container\">\n\t\t\t\t\t\n\t\t<div class=\"wd-image text-left\">\n\t\t\t\t\t\t\t\t<img fetchpriority=\"high\" decoding=\"async\" width=\"449\" height=\"250\" src=\"https:\/\/streamperfect.de\/wp-content\/uploads\/2025\/10\/image-quote.png\" class=\"attachment-full size-full\" alt=\"\" srcset=\"https:\/\/streamperfect.de\/wp-content\/uploads\/2025\/10\/image-quote.png 449w, https:\/\/streamperfect.de\/wp-content\/uploads\/2025\/10\/image-quote-430x239.png 430w, https:\/\/streamperfect.de\/wp-content\/uploads\/2025\/10\/image-quote-150x84.png 150w, https:\/\/streamperfect.de\/wp-content\/uploads\/2025\/10\/image-quote-400x223.png 400w\" sizes=\"(max-width: 449px) 100vw, 449px\" \/>\t\t\t\t\t<\/div>\n\n\t\t\t\t\t\t<\/div>\n\t\t\t\t<\/div>\n\t\t\t\t\t<\/div>\n\t\t<\/div>\n\t\t\t\t\t<\/div>\n\t\t<\/section>\n\t\t\t\t<section class=\"wd-negative-gap elementor-section elementor-top-section elementor-element elementor-element-c778b89 wd-section-stretch elementor-section-boxed elementor-section-height-default elementor-section-height-default\" data-id=\"c778b89\" data-element_type=\"section\" data-e-type=\"section\" data-settings=\"{&quot;background_background&quot;:&quot;classic&quot;}\">\n\t\t\t\t\t\t<div class=\"elementor-container elementor-column-gap-extended\">\n\t\t\t\t\t<div class=\"elementor-column elementor-col-50 elementor-top-column elementor-element elementor-element-587ab3a\" data-id=\"587ab3a\" data-element_type=\"column\" data-e-type=\"column\">\n\t\t\t<div class=\"elementor-widget-wrap elementor-element-populated\">\n\t\t\t\t\t\t<div class=\"elementor-element elementor-element-d45fa8f elementor-widget elementor-widget-wd_image_or_svg\" data-id=\"d45fa8f\" data-element_type=\"widget\" data-e-type=\"widget\" data-widget_type=\"wd_image_or_svg.default\">\n\t\t\t\t<div class=\"elementor-widget-container\">\n\t\t\t\t\t\n\t\t<div class=\"wd-image text-left\">\n\t\t\t\t\t\t\t\t<img decoding=\"async\" width=\"523\" height=\"501\" src=\"https:\/\/streamperfect.de\/wp-content\/uploads\/2025\/10\/app-dev.png\" class=\"attachment-full size-full\" alt=\"\" srcset=\"https:\/\/streamperfect.de\/wp-content\/uploads\/2025\/10\/app-dev.png 523w, https:\/\/streamperfect.de\/wp-content\/uploads\/2025\/10\/app-dev-430x412.png 430w, https:\/\/streamperfect.de\/wp-content\/uploads\/2025\/10\/app-dev-150x144.png 150w, https:\/\/streamperfect.de\/wp-content\/uploads\/2025\/10\/app-dev-313x300.png 313w\" sizes=\"(max-width: 523px) 100vw, 523px\" \/>\t\t\t\t\t<\/div>\n\n\t\t\t\t\t\t<\/div>\n\t\t\t\t<\/div>\n\t\t\t\t\t<\/div>\n\t\t<\/div>\n\t\t\t\t<div class=\"elementor-column elementor-col-50 elementor-top-column elementor-element elementor-element-78e5721\" data-id=\"78e5721\" data-element_type=\"column\" data-e-type=\"column\">\n\t\t\t<div class=\"elementor-widget-wrap elementor-element-populated\">\n\t\t\t\t\t\t<div class=\"elementor-element elementor-element-288aab2 wd-width-100 elementor-widget elementor-widget-wd_title\" data-id=\"288aab2\" data-element_type=\"widget\" data-e-type=\"widget\" data-widget_type=\"wd_title.default\">\n\t\t\t\t<div class=\"elementor-widget-container\">\n\t\t\t\t\t\t\t<div class=\"title-wrapper wd-set-mb reset-last-child wd-title-color-default wd-title-style-default wd-title-size-extra-large text-left\">\n\n\t\t\t\n\t\t\t<div class=\"liner-continer\">\n\t\t\t\t<h4 class=\"woodmart-title-container title wd-fontsize-xxxl wd-underline-colored\">Was wir leisten<\/h4> \n\t\t\t\t\t\t\t<\/div>\n\n\t\t\t\t\t<\/div>\n\t\t\t\t\t\t<\/div>\n\t\t\t\t<\/div>\n\t\t\t\t<div class=\"elementor-element elementor-element-19151a9 elementor-widget elementor-widget-wd_text_block\" data-id=\"19151a9\" data-element_type=\"widget\" data-e-type=\"widget\" data-widget_type=\"wd_text_block.default\">\n\t\t\t\t<div class=\"elementor-widget-container\">\n\t\t\t\t\t\t\t<div class=\"wd-text-block reset-last-child text-left\">\n\t\t\t\n\t\t\t<p class=\"\" data-start=\"142\" data-end=\"446\">Wir bieten Unternehmen eine umfassende L\u00f6sung f\u00fcr digitale Kommunikation \u2013 von der ersten Idee bis zum laufenden Betrieb. Unsere Leistungen reichen von der Beratung und Auswahl geeigneter Hardware \u00fcber die Lieferung und Montage bis hin zur Einrichtung unserer leistungsstarken, cloudbasierten Software.<\/p><p class=\"\" data-start=\"448\" data-end=\"751\">Mit Stream Perfect erhalten Sie nicht nur ein technisches System, sondern eine durchdachte Komplettl\u00f6sung: Wir gestalten auf Wunsch auch die Inhalte f\u00fcr Ihre Bildschirme, \u00fcbernehmen die Programmierung zeitgesteuerter Kampagnen und sorgen f\u00fcr eine reibungslose Verwaltung \u00fcber mehrere Standorte hinweg.<\/p><p class=\"\" data-start=\"753\" data-end=\"1034\">Unser Support steht Ihnen bei allen Fragen zur Seite \u2013 sei es bei der Schulung Ihres Teams, der technischen Einrichtung oder der Wartung Ihrer Ger\u00e4te. So garantieren wir, dass Ihre Botschaften zur richtigen Zeit am richtigen Ort gesehen werden \u2013 klar, effizient und wirkungsvoll.<\/p><p class=\"\" data-start=\"1036\" data-end=\"1257\">Ob im Einzelhandel, in der Gastronomie, im Gesundheitswesen oder in Veranstaltungsr\u00e4umen: Wir liefern passgenaue L\u00f6sungen, die sich nahtlos in Ihre Umgebung integrieren und Ihre Kommunikation auf ein neues Niveau heben.<\/p>\n\t\t\t\t\t<\/div>\n\t\t\t\t\t\t<\/div>\n\t\t\t\t<\/div>\n\t\t\t\t\t<\/div>\n\t\t<\/div>\n\t\t\t\t\t<\/div>\n\t\t<\/section>\n\t\t\t\t<\/div>\n\t\t","protected":false},"excerpt":{"rendered":"<p>Unsere Expertise Mit langj\u00e4hriger Erfahrung im Bereich Digital Signage und moderner Unternehmenskommunikation bieten wir ma\u00dfgeschneiderte L\u00f6sungen f\u00fcr unterschiedlichste Branchen \u2013<\/p>\n","protected":false},"author":1,"featured_media":0,"parent":0,"menu_order":0,"comment_status":"closed","ping_status":"closed","template":"","meta":{"footnotes":""},"class_list":["post-15792","page","type-page","status-publish","hentry"],"_links":{"self":[{"href":"https:\/\/streamperfect.de\/index.php?rest_route=\/wp\/v2\/pages\/15792","targetHints":{"allow":["GET"]}}],"collection":[{"href":"https:\/\/streamperfect.de\/index.php?rest_route=\/wp\/v2\/pages"}],"about":[{"href":"https:\/\/streamperfect.de\/index.php?rest_route=\/wp\/v2\/types\/page"}],"author":[{"embeddable":true,"href":"https:\/\/streamperfect.de\/index.php?rest_route=\/wp\/v2\/users\/1"}],"replies":[{"embeddable":true,"href":"https:\/\/streamperfect.de\/index.php?rest_route=%2Fwp%2Fv2%2Fcomments&post=15792"}],"version-history":[{"count":0,"href":"https:\/\/streamperfect.de\/index.php?rest_route=\/wp\/v2\/pages\/15792\/revisions"}],"wp:attachment":[{"href":"https:\/\/streamperfect.de\/index.php?rest_route=%2Fwp%2Fv2%2Fmedia&parent=15792"}],"curies":[{"name":"wp","href":"https:\/\/api.w.org\/{rel}","templated":true}]}}