{"id":15706,"date":"2025-10-18T12:45:18","date_gmt":"2025-10-18T12:45:18","guid":{"rendered":"https:\/\/streamperfect.de\/?page_id=15706"},"modified":"2025-10-18T12:50:24","modified_gmt":"2025-10-18T12:50:24","slug":"faq","status":"publish","type":"page","link":"https:\/\/streamperfect.de\/?page_id=15706","title":{"rendered":"FAQ"},"content":{"rendered":"\t\t<div data-elementor-type=\"wp-page\" data-elementor-id=\"15706\" class=\"elementor elementor-15706\">\n\t\t\t\t<div class=\"wd-negative-gap elementor-element elementor-element-9f6c036 e-flex e-con-boxed e-con e-parent\" data-id=\"9f6c036\" data-element_type=\"container\" data-e-type=\"container\">\n\t\t\t\t\t<div class=\"e-con-inner\">\n\t\t<div class=\"elementor-element elementor-element-eb7ad8e e-con-full e-flex e-con e-child\" data-id=\"eb7ad8e\" data-element_type=\"container\" data-e-type=\"container\">\n\t\t\t\t<div class=\"elementor-element elementor-element-f4694eb wd-width-100 elementor-widget elementor-widget-wd_title\" data-id=\"f4694eb\" data-element_type=\"widget\" data-e-type=\"widget\" data-widget_type=\"wd_title.default\">\n\t\t\t\t<div class=\"elementor-widget-container\">\n\t\t\t\t\t\t\t<div class=\"title-wrapper wd-set-mb reset-last-child wd-title-color-default wd-title-style-default wd-title-size-large text-left\">\n\n\t\t\t\n\t\t\t<div class=\"liner-continer\">\n\t\t\t\t<h4 class=\"woodmart-title-container title wd-fontsize-xxl\">Meist gestellte Fragen<\/h4> \n\t\t\t\t\t\t\t<\/div>\n\n\t\t\t\t\t<\/div>\n\t\t\t\t\t\t<\/div>\n\t\t\t\t<\/div>\n\t\t\t\t<div class=\"elementor-element elementor-element-1ddf866 elementor-widget elementor-widget-wd_accordion\" data-id=\"1ddf866\" data-element_type=\"widget\" data-e-type=\"widget\" data-widget_type=\"wd_accordion.default\">\n\t\t\t\t<div class=\"elementor-widget-container\">\n\t\t\t\t\t\n\t\t<div class=\"wd-accordion wd-style-default wd-border-off wd-titles-left wd-opener-pos-right wd-opener-style-arrow\" data-state=\"all_closed\">\n\t\t\t\t\t\t\t\n\t\t\t\t<div class=\"wd-accordion-item\">\n\t\t\t\t\t<div class=\"wd-accordion-title\" data-accordion-index=\"0\">\n\t\t\t\t\t\t<div class=\"wd-accordion-title-text\">\n\t\t\t\t\t\t\t\t\t\t\t\t\t\t<span>\n\t\t\t\t\t\t\t\tWelche Dienstleistungen bietet Ihr Unternehmen an?\t\t\t\t\t\t\t<\/span>\n\t\t\t\t\t\t<\/div>\n\t\t\t\t\t\t<span class=\"wd-accordion-opener\"><\/span>\n\t\t\t\t\t<\/div>\n\n\t\t\t\t\t<div class=\"wd-accordion-content wd-entry-content\" data-accordion-index=\"0\">\n\t\t\t\t\t\t\t\t\t\t\t\t\t\n\t\t\t\t\t\t\t<p>Wir bieten eine breite Palette von Dienstleistungen in den Bereichen Digitale Beschilderung. Dazu geh\u00f6ren<\/p><ul><li><p>Bereitstellung von Digitale Werbe und Informationsfl\u00e4chen<\/p><\/li><li><p>Kreative Gestaltung von Bildern und Motion-Design<\/p><\/li><li><p>Verwaltung Ihre Inhalte<\/p><\/li><li><p>u.v.m<\/p><\/li><\/ul><p>Unsere L\u00f6sungen sind darauf ausgerichtet, die Aufmerksamkeit Ihre Kunden zu erreichen.<\/p>\n\t\t\t\t\t\t\t\t\t\t\t\t\t\t\t\t\t\t<\/div>\n\t\t\t\t<\/div>\n\t\t\t\t\t\t\t\n\t\t\t\t<div class=\"wd-accordion-item\">\n\t\t\t\t\t<div class=\"wd-accordion-title\" data-accordion-index=\"1\">\n\t\t\t\t\t\t<div class=\"wd-accordion-title-text\">\n\t\t\t\t\t\t\t\t\t\t\t\t\t\t<span>\n\t\t\t\t\t\t\t\tWie kann ich Ihre Dienstleistungen in Anspruch nehmen?\t\t\t\t\t\t\t<\/span>\n\t\t\t\t\t\t<\/div>\n\t\t\t\t\t\t<span class=\"wd-accordion-opener\"><\/span>\n\t\t\t\t\t<\/div>\n\n\t\t\t\t\t<div class=\"wd-accordion-content wd-entry-content\" data-accordion-index=\"1\">\n\t\t\t\t\t\t\t\t\t\t\t\t\t\n\t\t\t\t\t\t\t<p>Um unsere Dienstleistungen in Anspruch zu nehmen, kontaktieren Sie uns \u00fcber unser Kontaktformular oder rufen Sie uns an. Unser Team steht Ihnen gerne zur Verf\u00fcgung und unterst\u00fctzt Sie bei der Auswahl der f\u00fcr Sie passenden Dienstleistungen.<\/p>\n\t\t\t\t\t\t\t\t\t\t\t\t\t\t\t\t\t\t<\/div>\n\t\t\t\t<\/div>\n\t\t\t\t\t\t\t\n\t\t\t\t<div class=\"wd-accordion-item\">\n\t\t\t\t\t<div class=\"wd-accordion-title\" data-accordion-index=\"2\">\n\t\t\t\t\t\t<div class=\"wd-accordion-title-text\">\n\t\t\t\t\t\t\t\t\t\t\t\t\t\t<span>\n\t\t\t\t\t\t\t\tWas unterscheidet Ihr Unternehmen von Mitbewerbern?\t\t\t\t\t\t\t<\/span>\n\t\t\t\t\t\t<\/div>\n\t\t\t\t\t\t<span class=\"wd-accordion-opener\"><\/span>\n\t\t\t\t\t<\/div>\n\n\t\t\t\t\t<div class=\"wd-accordion-content wd-entry-content\" data-accordion-index=\"2\">\n\t\t\t\t\t\t\t\t\t\t\t\t\t\n\t\t\t\t\t\t\t<p>Streamperfect zeichnet sich da durch aus Innovative Technik der jeder Bildschirm mit kostengeringe Aufwand zu attraktive Werbefl\u00e4che um zu wandeln. Wir sind stolz darauf, Ma\u00dfgeschneiderte Werbefl\u00e4che f\u00fcr Ihr Unternehmen zu bieten, um sicherzustellen, dass unsere Kunden die bestm\u00f6gliche Erfahrung erhalten.<\/p>\n\t\t\t\t\t\t\t\t\t\t\t\t\t\t\t\t\t\t<\/div>\n\t\t\t\t<\/div>\n\t\t\t\t\t\t\t\n\t\t\t\t<div class=\"wd-accordion-item\">\n\t\t\t\t\t<div class=\"wd-accordion-title\" data-accordion-index=\"3\">\n\t\t\t\t\t\t<div class=\"wd-accordion-title-text\">\n\t\t\t\t\t\t\t\t\t\t\t\t\t\t<span>\n\t\t\t\t\t\t\t\tWie sind die Preise f\u00fcr Ihre Dienstleistungen gestaltet?\t\t\t\t\t\t\t<\/span>\n\t\t\t\t\t\t<\/div>\n\t\t\t\t\t\t<span class=\"wd-accordion-opener\"><\/span>\n\t\t\t\t\t<\/div>\n\n\t\t\t\t\t<div class=\"wd-accordion-content wd-entry-content\" data-accordion-index=\"3\">\n\t\t\t\t\t\t\t\t\t\t\t\t\t\n\t\t\t\t\t\t\t<p>Unsere Preise variieren je nach Art und Umfang der gew\u00fcnschten Dienstleistungen. Wir bieten ein Rundum sorglos Paket an. Kontaktieren Sie uns f\u00fcr eine individuelle Preisanfrage.<\/p>\n\t\t\t\t\t\t\t\t\t\t\t\t\t\t\t\t\t\t<\/div>\n\t\t\t\t<\/div>\n\t\t\t\t\t<\/div>\n\t\t\t\t\t\t<\/div>\n\t\t\t\t<\/div>\n\t\t\t\t<\/div>\n\t\t<div class=\"elementor-element elementor-element-b0f3da5 e-con-full e-flex e-con e-child\" data-id=\"b0f3da5\" data-element_type=\"container\" data-e-type=\"container\">\n\t\t\t\t<div class=\"elementor-element elementor-element-d596a4a elementor-widget elementor-widget-wd_accordion\" data-id=\"d596a4a\" data-element_type=\"widget\" data-e-type=\"widget\" data-widget_type=\"wd_accordion.default\">\n\t\t\t\t<div class=\"elementor-widget-container\">\n\t\t\t\t\t\n\t\t<div class=\"wd-accordion wd-style-default wd-border-off wd-titles-left wd-opener-pos-right wd-opener-style-arrow\" data-state=\"all_closed\">\n\t\t\t\t\t\t\t\n\t\t\t\t<div class=\"wd-accordion-item\">\n\t\t\t\t\t<div class=\"wd-accordion-title\" data-accordion-index=\"0\">\n\t\t\t\t\t\t<div class=\"wd-accordion-title-text\">\n\t\t\t\t\t\t\t\t\t\t\t\t\t\t<span>\n\t\t\t\t\t\t\t\tWie kann ich mit Ihrem Kundensupport in Kontakt treten?\t\t\t\t\t\t\t<\/span>\n\t\t\t\t\t\t<\/div>\n\t\t\t\t\t\t<span class=\"wd-accordion-opener\"><\/span>\n\t\t\t\t\t<\/div>\n\n\t\t\t\t\t<div class=\"wd-accordion-content wd-entry-content\" data-accordion-index=\"0\">\n\t\t\t\t\t\t\t\t\t\t\t\t\t\n\t\t\t\t\t\t\t<div class=\"acc-item current\"><div class=\"acc-content active\"><p>Unser Kundensupport-Team ist per Telefon und E-Mail erreichbar. Besuchen Sie unsere Kontaktseite, um alle verf\u00fcgbaren Kontaktm\u00f6glichkeiten zu finden. Wir sind bem\u00fcht, Ihre Anfragen zeitnah zu beantworten.<\/p><\/div><\/div>\n\t\t\t\t\t\t\t\t\t\t\t\t\t\t\t\t\t\t<\/div>\n\t\t\t\t<\/div>\n\t\t\t\t\t\t\t\n\t\t\t\t<div class=\"wd-accordion-item\">\n\t\t\t\t\t<div class=\"wd-accordion-title\" data-accordion-index=\"1\">\n\t\t\t\t\t\t<div class=\"wd-accordion-title-text\">\n\t\t\t\t\t\t\t\t\t\t\t\t\t\t<span>\n\t\t\t\t\t\t\t\tWie funktioniert Ihre Geld-zur\u00fcck-Garantie?\t\t\t\t\t\t\t<\/span>\n\t\t\t\t\t\t<\/div>\n\t\t\t\t\t\t<span class=\"wd-accordion-opener\"><\/span>\n\t\t\t\t\t<\/div>\n\n\t\t\t\t\t<div class=\"wd-accordion-content wd-entry-content\" data-accordion-index=\"1\">\n\t\t\t\t\t\t\t\t\t\t\t\t\t\n\t\t\t\t\t\t\t<div class=\"acc-item current\"><div class=\"acc-content active\"><p>Wir bieten eine 30 Tage Ihrer Geld-zur\u00fcck-Garantie f\u00fcr unsere Dienstleistungen. Wenn Sie aus irgendeinem Grund nicht zufrieden sind, kontaktieren Sie uns bitte innerhalb dieser Frist, um eine R\u00fcckerstattung zu beantragen. Weitere Informationen zur Abwicklung finden Sie in unseren AGB.<\/p><\/div><\/div><div class=\"acc-item\">\u00a0<\/div>\n\t\t\t\t\t\t\t\t\t\t\t\t\t\t\t\t\t\t<\/div>\n\t\t\t\t<\/div>\n\t\t\t\t\t\t\t\n\t\t\t\t<div class=\"wd-accordion-item\">\n\t\t\t\t\t<div class=\"wd-accordion-title\" data-accordion-index=\"2\">\n\t\t\t\t\t\t<div class=\"wd-accordion-title-text\">\n\t\t\t\t\t\t\t\t\t\t\t\t\t\t<span>\n\t\t\t\t\t\t\t\tWelche Zahlungsmethoden akzeptieren Sie?\t\t\t\t\t\t\t<\/span>\n\t\t\t\t\t\t<\/div>\n\t\t\t\t\t\t<span class=\"wd-accordion-opener\"><\/span>\n\t\t\t\t\t<\/div>\n\n\t\t\t\t\t<div class=\"wd-accordion-content wd-entry-content\" data-accordion-index=\"2\">\n\t\t\t\t\t\t\t\t\t\t\t\t\t\n\t\t\t\t\t\t\t<section class=\"elementor-section elementor-top-section elementor-element elementor-element-3995566 elementor-section-boxed elementor-section-height-default elementor-section-height-default\" data-id=\"3995566\" data-element_type=\"section\"><div class=\"elementor-container elementor-column-gap-default\"><div class=\"elementor-column elementor-col-100 elementor-top-column elementor-element elementor-element-925c0bf ot-flex-column-vertical\" data-id=\"925c0bf\" data-element_type=\"column\"><div class=\"elementor-widget-wrap elementor-element-populated\"><section class=\"elementor-section elementor-inner-section elementor-element elementor-element-942c684 elementor-section-full_width elementor-section-height-default elementor-section-height-default\" data-id=\"942c684\" data-element_type=\"section\"><div class=\"elementor-container elementor-column-gap-extended\"><div class=\"elementor-column elementor-col-50 elementor-inner-column elementor-element elementor-element-20a88c6 ot-flex-column-vertical\" data-id=\"20a88c6\" data-element_type=\"column\"><div class=\"elementor-widget-wrap elementor-element-populated\"><div class=\"elementor-element elementor-element-7e4d731 elementor-widget elementor-widget-iaccordions\" data-id=\"7e4d731\" data-element_type=\"widget\" data-widget_type=\"iaccordions.default\"><div class=\"elementor-widget-container\"><div class=\"ot-accordions\"><div class=\"acc-item current\"><div class=\"acc-content active\"><p>Wir akzeptieren lediglich Bank\u00fcberweisung. Bei Fragen zur Zahlungsabwicklung stehen wir Ihnen gerne zur Verf\u00fcgung.<\/p><\/div><\/div><\/div><\/div><\/div><\/div><\/div><\/div><\/section><\/div><\/div><\/div><\/section><section class=\"elementor-section elementor-top-section elementor-element elementor-element-421ec66 particles-js elementor-section-boxed elementor-section-height-default elementor-section-height-default\" data-color=\"#fe4c1c,#00c3ff,#0160e7\" data-id=\"421ec66\" data-element_type=\"section\" data-settings=\"{&quot;background_background&quot;:&quot;classic&quot;}\"><div class=\"elementor-container elementor-column-gap-default\"><div class=\"elementor-column elementor-col-100 elementor-top-column elementor-element elementor-element-0ba17aa ot-flex-column-vertical\" data-id=\"0ba17aa\" data-element_type=\"column\"><div class=\"elementor-widget-wrap elementor-element-populated\"><section class=\"elementor-section elementor-inner-section elementor-element elementor-element-57ecf35 elementor-section-full_width bg-gradient elementor-section-height-default elementor-section-height-default\" data-id=\"57ecf35\" data-element_type=\"section\"><div class=\"elementor-container elementor-column-gap-extended\"><div class=\"elementor-column elementor-col-100 elementor-inner-column elementor-element elementor-element-37c2518 ot-flex-column-vertical\" data-id=\"37c2518\" data-element_type=\"column\"><div class=\"elementor-widget-wrap elementor-element-populated\"><div class=\"elementor-element elementor-element-d14439a elementor-widget elementor-widget-iheading\" data-id=\"d14439a\" data-element_type=\"widget\" data-widget_type=\"iheading.default\"><div class=\"elementor-widget-container\">\u00a0<\/div><\/div><\/div><\/div><\/div><\/section><\/div><\/div><\/div><\/section>\n\t\t\t\t\t\t\t\t\t\t\t\t\t\t\t\t\t\t<\/div>\n\t\t\t\t<\/div>\n\t\t\t\t\t<\/div>\n\t\t\t\t\t\t<\/div>\n\t\t\t\t<\/div>\n\t\t\t\t<\/div>\n\t\t\t\t\t<\/div>\n\t\t\t\t<\/div>\n\t\t\t\t<\/div>\n\t\t","protected":false},"excerpt":{"rendered":"<p>Meist gestellte Fragen Welche Dienstleistungen bietet Ihr Unternehmen an? Wir bieten eine breite Palette von Dienstleistungen in den Bereichen Digitale<\/p>\n","protected":false},"author":1,"featured_media":0,"parent":0,"menu_order":0,"comment_status":"closed","ping_status":"closed","template":"","meta":{"footnotes":""},"class_list":["post-15706","page","type-page","status-publish","hentry"],"_links":{"self":[{"href":"https:\/\/streamperfect.de\/index.php?rest_route=\/wp\/v2\/pages\/15706","targetHints":{"allow":["GET"]}}],"collection":[{"href":"https:\/\/streamperfect.de\/index.php?rest_route=\/wp\/v2\/pages"}],"about":[{"href":"https:\/\/streamperfect.de\/index.php?rest_route=\/wp\/v2\/types\/page"}],"author":[{"embeddable":true,"href":"https:\/\/streamperfect.de\/index.php?rest_route=\/wp\/v2\/users\/1"}],"replies":[{"embeddable":true,"href":"https:\/\/streamperfect.de\/index.php?rest_route=%2Fwp%2Fv2%2Fcomments&post=15706"}],"version-history":[{"count":0,"href":"https:\/\/streamperfect.de\/index.php?rest_route=\/wp\/v2\/pages\/15706\/revisions"}],"wp:attachment":[{"href":"https:\/\/streamperfect.de\/index.php?rest_route=%2Fwp%2Fv2%2Fmedia&parent=15706"}],"curies":[{"name":"wp","href":"https:\/\/api.w.org\/{rel}","templated":true}]}}